{"id":303,"date":"2022-11-19T01:48:58","date_gmt":"2022-11-19T01:48:58","guid":{"rendered":"https:\/\/lynntimes.com\/wyndhamthanhthuy\/?page_id=303"},"modified":"2024-10-31T11:52:23","modified_gmt":"2024-10-31T04:52:23","slug":"chinh-sach-dat-phong","status":"publish","type":"page","link":"https:\/\/lynntimes.com\/lynntimesthanhthuy\/chinh-sach-dat-phong\/","title":{"rendered":"Ch\u00ednh s\u00e1ch \u0111\u1eb7t ph\u00f2ng"},"content":{"rendered":"<p><span style=\"font-size: 16px;\"><strong>\u0110I\u1ec0U 1. QUY \u0110\u1ecaNH NH\u1eacN V\u00c0 TR\u1ea2 PH\u00d2NG:<\/strong><\/span><\/p>\n<p><strong>1. Th\u1eddi gian nh\u1eadn ph\u00f2ng:<\/strong><\/p>\n<p><em>Tr\u1eeb khi c\u00f3 th\u00f4ng b\u00e1o v\u00e0\/ho\u1eb7c x\u00e1c nh\u1eadn kh\u00e1c t\u1eeb Khu t\u1ed5 h\u1ee3p ngh\u1ec9 d\u01b0\u1ee1ng:<\/em><\/p>\n<p>1.1 Th\u1eddi gian nh\u1eadn ph\u00f2ng t\u1ea1i khu t\u1ed5 h\u1ee3p ngh\u1ec9 d\u01b0\u1ee1ng t\u1eeb 14:00 gi\u1edd ng\u00e0y Kh\u00e1ch \u0111\u1ebfn. C\u00e1c y\u00eau c\u1ea7u nh\u1eadn ph\u00f2ng s\u1edbm tr\u01b0\u1edbc 14:00 gi\u1edd c\u1ea7n \u0111\u01b0\u1ee3c th\u00f4ng b\u00e1o tr\u01b0\u1edbc v\u00e0 c\u00f3 x\u00e1c nh\u1eadn c\u1ee7a Khu t\u1ed5 h\u1ee3p ngh\u1ec9 d\u01b0\u1ee1ng t\u00f9y theo c\u00f4ng su\u1ea5t, t\u00ecnh tr\u1ea1ng ph\u00f2ng s\u1eb5n c\u00f3 nh\u01b0ng kh\u00f4ng s\u1edbm h\u01a1n 12:00 gi\u1edd ng\u00e0y Kh\u00e1ch \u0111\u1ebfn.<\/p>\n<p>1.2 Nh\u1eadn ph\u00f2ng s\u1edbm tr\u01b0\u1edbc 9:00 gi\u1edd s\u00e1ng s\u1ebd ch\u1ecbu ph\u00ed t\u01b0\u01a1ng \u0111\u01b0\u01a1ng v\u1edbi 100% Gi\u00e1 G\u00f3i Ph\u00f2ng \u0111\u00e3 mua.<\/p>\n<p>Nh\u1eadn ph\u00f2ng s\u1edbm tr\u01b0\u1edbc 6:00 s\u00e1ng s\u1ebd ch\u1ecbu ph\u00ed t\u01b0\u01a1ng \u0111\u01b0\u01a1ng v\u1edbi 100% Gi\u00e1 g\u00f3i ph\u00f2ng \u0111\u00e3 mua<\/p>\n<p>Nh\u1eadn ph\u00f2ng s\u1edbm t\u1eeb 6:00 \u2013 tr\u01b0\u1edbc 10:00 s\u1ebd ch\u1ecbu ph\u00ed t\u01b0\u01a1ng \u0111\u01b0\u01a1ng v\u1edbi 50% Gi\u00e1 g\u00f3i ph\u00f2ng \u0111\u00e3 mua<\/p>\n<p>Nh\u1eadn ph\u00f2ng s\u1edbm t\u1eeb 10:00 \u2013 tr\u01b0\u1edbc 14:00 s\u1ebd ch\u1ecbu ph\u00ed t\u01b0\u01a1ng \u0111\u01b0\u01a1ng v\u1edbi 30% Gi\u00e1 g\u00f3i ph\u00f2ng \u0111\u00e3 mua<\/p>\n<p>1.4 C\u00e1c kho\u1ea3n ph\u00ed nh\u1eadn ph\u00f2ng s\u1edbm s\u1ebd ph\u00e1i thanh to\u00e1n ngay t\u1ea1i th\u1eddi \u0111i\u1ec3m th\u00f4ng b\u00e1o \u0111\u1ec1 ngh\u1ecb nh\u1eadn ph\u00f2ng s\u1edbm \u0111\u01b0\u1ee3c Khu t\u1ed5 h\u1ee3p ngh\u1ec9 d\u01b0\u1ee1ng x\u00e1c nh\u1eadn.<\/p>\n<p><strong>2.<\/strong> <strong>Th\u1eddi gian tr\u1ea3 ph\u00f2ng:<\/strong><\/p>\n<p><em>Tr\u1eeb khi c\u00f3 th\u00f4ng b\u00e1o v\u00e0\/ho\u1eb7c x\u00e1c nh\u1eadn kh\u00e1c t\u1eeb Kh\u00e1ch S\u1ea1n:<\/em><\/p>\n<p>1.2.1 Th\u1eddi gian tr\u1ea3 ph\u00f2ng t\u1ea1i Lynn Times kh\u00f4ng sau 12:00 gi\u1edd.<\/p>\n<p>1.2.2 Kh\u00e1ch c\u00f3 th\u1ec3 tr\u1ea3 ph\u00f2ng mu\u1ed9n t\u00f9y theo t\u00ecnh tr\u1ea1ng ph\u00f2ng s\u1eb5n c\u00f3, \u0111\u01b0\u1ee3c Lynn Times x\u00e1c nh\u1eadn v\u00e0 ph\u1ea3i tr\u1ea3 th\u00eam ph\u00ed nh\u01b0 sau: 50% Gi\u00e1 G\u00f3i Ph\u00f2ng n\u1ebfu tr\u1ea3 ph\u00f2ng t\u1eeb sau 12:00 gi\u1edd \u0111\u00ean 18:00 gi\u1edd; 100% Gi\u00e1 G\u00f3i Ph\u00f2ng n\u1ebfu tr\u1ea3 ph\u00f2ng sau 18:00 gi\u1edd.<\/p>\n<p>Tr\u1ea3 ph\u00f2ng mu\u1ed9n sau 12:00 tr\u01b0a \u0111\u1ebfn 15:00 s\u1ebd ch\u1ecbu ph\u00ed t\u01b0\u01a1ng \u0111\u01b0\u01a1ng v\u1edbi 30% Gi\u00e1 g\u00f3i ph\u00f2ng \u0111\u00e3 mua<\/p>\n<p>Tr\u1ea3 ph\u00f2ng mu\u1ed9n t\u1eeb 15:00 \u2013 tr\u01b0\u1edbc 18:00 s\u1ebd ch\u1ecbu ph\u00ed t\u01b0\u01a1ng \u0111\u01b0\u01a1ng v\u1edbi 50% Gi\u00e1 g\u00f3i ph\u00f2ng \u0111\u00e3 mua<\/p>\n<p>Tr\u1ea3 ph\u00f2ng mu\u1ed9n sau 18:00 s\u1ebd ch\u1ecbu ph\u00ed t\u01b0\u01a1ng \u0111\u01b0\u01a1ng v\u1edbi 100% Gi\u00e1 g\u00f3i ph\u00f2ng \u0111\u00e3 mua<\/p>\n<p>1.2.3 Sau khi ho\u00e0n th\u00e0nh c\u00e1c th\u1ee7 t\u1ee5c nh\u1eadn ph\u00f2ng, Kh\u00e1ch s\u1ebd ph\u1ea3i thanh to\u00e1n ti\u1ec1n Gi\u00e1 G\u00f3i Ph\u00f2ng cho to\u00e0n b\u1ed9 kho\u1ea3ng th\u1eddi gian l\u01b0u tr\u00fa nh\u01b0 \u0111\u00e3 \u0111\u0103ng k\u00fd v\u1edbi Lynn Times, kh\u00f4ng ph\u1ee5 thu\u1ed9c v\u00e0o vi\u1ec7c Kh\u00e1ch tr\u1ea3 ph\u00f2ng tr\u01b0\u1edbc th\u1eddi gian tr\u1ea3 Ph\u00f2ng. \u0110\u1ed1i v\u1edbi Kh\u00e1ch \u0111i theo \u0111o\u00e0n, kh\u00e1ch c\u1ee7a c\u00e1c c\u00f4ng ty l\u1eef h\u00e0nh, kho\u1ea3n thanh to\u00e1n ph\u1ea3i \u0111\u01b0\u1ee3c th\u1ef1c hi\u1ec7n to\u00e0n b\u1ed9 t\u1ed1i thi\u1ec3u 7 ng\u00e0y tr\u01b0\u1edbc ng\u00e0y nh\u1eadn ph\u00f2ng, c\u00e1c chi ph\u00ed ph\u00e1t sinh trong qu\u00e1 tr\u00ecnh l\u01b0u tr\u00fa s\u1ebd ph\u1ea3i thanh to\u00e1n tr\u01b0\u1edbc khi tr\u1ea3 ph\u00f2ng.<\/p>\n<p>1.2.4 C\u00e1c kho\u1ea3n ph\u00ed nh\u1eadn ph\u00f2ng s\u1edbm\/tr\u1ea3 ph\u00f2ng mu\u1ed9n n\u00eau tr\u00ean s\u1ebd \u0111\u01b0\u01a1c t\u00ednh theo (i) Gi\u00e1 C\u00f4ng B\u1ed1 c\u1ee7a Lynn Times khi Kh\u00e1ch tr\u1ef1c ti\u1ebfp thanh to\u00e1n cho Lynn Times ho\u1eb7c (ii) gi\u00e1 theo h\u1ee3p \u0111\u1ed3ng\/th\u1ecfa thu\u1eadn gi\u1eefa Lynn Times v\u00e0 \u0110\u1ed5i T\u00e1c n\u1ebfu \u0110\u1ed1i T\u00e1c l\u00e0 b\u00ean thanh to\u00e1n.<\/p>\n<p>1.2.5 Lynn Times s\u1ebd ghi l\u1ea1i h\u00ecnh \u1ea3nh khu\u00f4n m\u1eb7t c\u1ee7a Kh\u00e1ch h\u00e0ng khi \u0111\u0103ng k\u00fd nh\u1eadn ph\u00f2ng \u0111\u1ec3 qu\u1ea3n l\u00fd b\u1eb1ng C\u00f4ng ngh\u1ec7 nh\u1eadn d\u1ea1ng khu\u00f4n m\u1eb7t. B\u1eb1ng vi\u1ec7c \u0111\u1ed3ng \u00fd nh\u1eadn ph\u00f2ng, Kh\u00e1ch h\u00e0ng \u0111\u01b0\u1ee3c hi\u1ec3u l\u00e0 \u0111\u00e3 \u0111\u01b0\u1ee3c Lynn Times th\u00f4ng b\u00e1o v\u1ec1 vi\u1ec7c n\u00e0y v\u00e0 \u0111\u1ed3ng \u00fd Lynn Times \u0111\u01b0\u1ee3c quy\u1ec1n s\u1eed d\u1ee5ng h\u00ecnh \u00e1nh c\u1ee7a Kh\u00e1ch h\u00e0ng.<\/p>\n<p><span style=\"font-size: 16px;\"><strong>\u0110I\u1ec0U 2. CH\u00cdNH S\u00c1CH \u0110\u1eb6T PH\u00d2NG<\/strong><\/span><\/p>\n<p><strong>1. Quy \u0111\u1ecbnh chung<\/strong><\/p>\n<p>T\u1ea5t c\u1ea3 c\u00e1c Y\u00eau C\u1ea7u D\u1ecbch V\u1ee5, Danh S\u00e1ch X\u1ebfp Ph\u00f2ng c\u1ee7a Kh\u00e1ch\/ \u0110\u1ed1i T\u00e1c ph\u1ea3i \u0111\u01b0\u1ee3c g\u1eedi cho Lynn Times d\u01b0\u1edbi h\u00ecnh th\u1ee9c email ho\u1eb7c v\u0103n b\u1ea3n tr\u01b0\u1edbc khi Kh\u00e1ch l\u00e0m th\u1ee7 t\u1ee5c nh\u1eadn ph\u00f2ng.<\/p>\n<p>Gi\u00e1 G\u00f3i ph\u00f2ng d\u1ef1a tr\u00ean m\u1eb7c \u0111\u1ecbnh 02 ng\u01b0\u1eddi l\u1edbn trong 1 ph\u00f2ng kh\u00e1ch s\u1ea1n.<\/p>\n<p><strong>2. Quy \u0111\u1ecbnh v\u1ec1 l\u01b0u tr\u00fa:<\/strong><\/p>\n<ul>\n<li>Kh\u1ed1i kh\u00e1ch s\u1ea1n: S\u1ed1 l\u01b0\u1ee3ng Kh\u00e1ch t\u1ed1i \u0111a tr\u00ean m\u1ed9t ph\u00f2ng Kh\u00e1ch S\u1ea1n\u00a0<em>(ngo\u1ea1i tr\u1eeb c\u00e1c tr\u01b0\u1eddng h\u1ee3p \u0111\u1eb7c bi\u1ec7t \u0111\u01b0\u1ee3c n\u00f3i r\u00f5)<\/em>\u0111\u01b0\u1ee3c \u00e1p d\u1ee5ng nh\u01b0 sau:<\/li>\n<li>T\u1ed1i \u0111a 04 ng\u01b0\u1eddi trong 1 ph\u00f2ng ng\u1ee7 bao g\u1ed3m c\u1ea3 tr\u1ebb em d\u01b0\u1edbi 4 tu\u1ed5i: 03 ng\u01b0\u1eddi l\u1edbn &amp; 01 tr\u1ebb em\/ 02 ng\u01b0\u1eddi l\u1edbn &amp; 02 tr\u1ebb em.<\/li>\n<li>M\u1ed7i ph\u00f2ng ch\u1ec9 \u0111\u01b0\u1ee3c \u0111\u1eb7t th\u00eam 01 gi\u01b0\u1eddng ph\u1ee5 (kh\u00f4ng \u00e1p d\u1ee5ng gi\u01b0\u1eddng ph\u1ee5 \u0111\u1ed1i v\u1edbi ph\u00f2ng Deluxe v\u00e0 Premium).<\/li>\n<li>Kh\u1ed1i shoptel: \u00c1p d\u1ee5ng ph\u1ee5 thu tr\u1ebb em t\u1eeb 6 tu\u1ed5i \u0111\u1ebfn\u00a0d\u01b0\u1edbi 12 tu\u1ed5i v\u00e0 ph\u1ee5 thu ng\u01b0\u1eddi l\u1edbn \u2013 d\u00e0nh cho kh\u00e1ch t\u1eeb 12 tu\u1ed5i.<\/li>\n<\/ul>\n<p><strong>3. Tr\u01b0\u1eddng h\u1ee3p \u0111\u1eb7c bi\u1ec7t: <\/strong>trong m\u1ed9t s\u1ed1 tr\u01b0\u1eddng h\u1ee3p \u0111\u1eb7c bi\u1ec7t (bao g\u1ed3m nh\u01b0ng kh\u00f4ng gi\u1edbi h\u1ea1n: s\u1ef1 ki\u1ec7n b\u1ea5t kh\u1ea3 kh\u00e1ng, ho\u1ea1t \u0111\u1ed9ng n\u00e2ng c\u1ea5p, s\u1eeda ch\u1eefa Kh\u00e1ch S\u1ea1n v.v&#8230;), Lynn Times c\u00f3 quy\u1ec1n di d\u1eddi Kh\u00e1ch sang lo\u1ea1i ph\u00f2ng\/ Kh\u00e1ch S\u1ea1n kh\u00e1c c\u00f3 ti\u00eau chu\u1ea9n t\u01b0\u01a1ng \u0111\u01b0\u01a1ng lo\u1ea1i ph\u00f2ng\/ Kh\u00e1ch S\u1ea1n m\u00e0 Kh\u00e1ch\/ \u0110\u1ed1i T\u00e1c \u0111\u00e3 \u0111\u1eb7t v\u00e0 \u0111\u01b0\u1ee3c Lynn Times x\u00e1c nh\u1eadn.<\/p>\n<p><strong>4. Th\u00f4ng tin cung c\u1ea5p cho Khu t\u1ed5 h\u1ee3p ngh\u1ec9 d\u01b0\u1ee1ng<\/strong><\/p>\n<p>a. Th\u00f4ng tin cung c\u1ea5p tr\u01b0\u1edbc ng\u00e0y \u0111\u1ebfn<\/p>\n<p>\u0110\u1ec3 Kh\u00e1ch nh\u1eadn \u0111\u01b0\u1ee3c ch\u1ea5t l\u01b0\u1ee3ng d\u1ecbch v\u1ee5 t\u1ed1t nh\u1ea5t t\u1eeb Kh\u00e1ch S\u1ea1n v\u00e0 \u0111\u1ea3m b\u1ea3o an ninh cho Kh\u00e1ch, Kh\u00e1ch\/ \u0110\u1ed1i T\u00e1c c\u1ea7n cung c\u1ea5p cho b\u1ed9 ph\u1eadn \u0111\u1eb7t ph\u00f2ng c\u1ee7a Kh\u00e1ch S\u1ea1n:<\/p>\n<ul>\n<li>Danh s\u00e1ch c\u00e1c Kh\u00e1ch h\u00e0ng trong n\u01b0\u1edbc (h\u1ecd v\u00e0 t\u00ean, ng\u00e0y th\u00e1ng n\u0103m sinh, gi\u1edbi t\u00ednh v.v. v\u00e0 nh\u1eefng th\u00f4ng tin kh\u00e1c \u0111\u01b0\u1ee3c ghi nh\u1eadn t\u1ea1i ch\u1ee9ng minh nh\u00e2n d\u00e2n\/c\u00e3n c\u01b0\u1edbc c\u00f4ng d\u00e2n\/h\u1ed9 chi\u1ebfu.<\/li>\n<li>Danh s\u00e1ch c\u00e1c Kh\u00e1ch h\u00e0ng l\u00e0 ng\u01b0\u1eddi n\u01b0\u1edbc ngo\u00e0i (h\u1ecd v\u00e0 t\u00ean, ng\u00e0y th\u00e1ng n\u0103m sinh, gi\u1edbi t\u00ednh, qu\u1ed1c t\u1ecbch v.v. v\u00e0 nh\u0169ng th\u00f4ng tin kh\u00e1c \u0111\u01b0\u1ee3c ghi nh\u1eadn t\u1ea1i h\u1ed9 chi\u1ebfu, th\u1ebb t\u1ea1m tr\u00fa\/th\u1ecb th\u1ef1c\/th\u1ebb th\u01b0\u00f2ng tr\u00fa).<\/li>\n<li>Kh\u00e1ch \u0111o\u00e0n: Chi ti\u1ebft theo h\u1ee3p \u0111\u1ed3ng kh\u00e1ch \u0111o\u00e0n.<\/li>\n<\/ul>\n<p>&#8211; N\u1ebfu Kh\u00e1ch\/ \u0110\u1ed1i T\u00e1c kh\u00f4ng cung c\u1ea5p danh s\u00e1ch \u0111\u1eb7t ph\u00f2ng \u0111\u00fang h\u1ea1n, Lynn Times c\u00f3 quy\u1ec1n h\u1ee7y \u0111\u1eb7t ph\u00f2ng kh\u1ecfi h\u1ec7 th\u1ed1ng, t\u1eeb ch\u1ed1i \u00e1p d\u1ee5ng gi\u00e1 \u01b0u \u0111\u00e3i theo Voucher, x\u00e1c nh\u1eadn Y\u00eau C\u1ea7u D\u1ecbch V\u1ee5, th\u1ecfa thu\u1eadn, h\u1ee3p \u0111\u1ed3ng \u0111\u00e3 k\u00fd k\u1ebft gi\u1eefa Kh\u00e1ch\/ \u0110\u1ed1i T\u00e1c v\u00e0 Lynn Times. Trong tr\u01b0\u1eddng h\u1ee3p \u0111\u00f3, Lynn Times s\u1ebd \u00e1p d\u1ee5ng Gi\u00e1 C\u00f4ng B\u1ed1 t\u1ea1i khu t\u1ed5 h\u1ee3p ngh\u1ec9 d\u01b0\u1ee1ng v\u00e0o ng\u00e0y Kh\u00e1ch l\u00e0m th\u1ee7 t\u1ee5c nh\u1eadn ph\u00f2ng n\u1ebfu c\u00f2n ph\u00f2ng tr\u1ed1ng v\u00e0 \u0110\u1ed1i T\u00e1c s\u1ebd ch\u1ecbu ho\u00e0n to\u00e0n tr\u00e1ch nhi\u1ec7m gi\u1ea3i quy\u1ebft c\u00e1c khi\u1ebfu n\u1ea1i c\u1ee7a Kh\u00e1ch ph\u00e1t sinh do vi\u1ec7c cung c\u1ea5p th\u00f4ng tin mu\u1ed9n.<\/p>\n<p>&#8211; C\u00e1c y\u00eau c\u1ea7u \u0111\u1eb7c bi\u1ec7t kh\u00e1c nh\u01b0 ph\u00f2ng \u1edf t\u1ea7ng cao, ph\u00f2ng li\u1ec1n k\u1ec1\u2026, s\u1ebd \u0111\u01b0\u1ee3c cung c\u1ea5p t\u00f9y thu\u1ed9c v\u00e0o kh\u1ea3 n\u0103ng s\u1eb5n c\u00f3 c\u1ee7a khu t\u1ed5 h\u1ee3p ngh\u1ec9 d\u01b0\u1ee1ng t\u1ea1i th\u1eddi \u0111i\u1ec3m nh\u1eadn ph\u00f2ng.<\/p>\n<p><strong>5. Thay \u0111\u1ed5i th\u00f4ng tin<\/strong>:<\/p>\n<p>a. B\u1ea5t c\u1ee9 s\u1ef1 thay \u0111\u1ed5i n\u00e0o v\u1ec1 th\u00f4ng tin b\u1eefa \u0103n, d\u1ecbch v\u1ee5 ph\u00e1t sinh so v\u1edbi Y\u00eau C\u1ea7u D\u1ecbch V\u1ee5 ban \u0111\u1ea7u c\u1ea7n \u0111\u01b0\u1ee3c g\u1eedi cho b\u1ed9 ph\u1eadn \u0111\u1eb7t ph\u00f2ng c\u1ee7a khu t\u1ed5 h\u1ee3p ngh\u1ec9 d\u01b0\u1ee1ng v\u00e0 \u0111\u01b0\u1ee3c x\u00e1c nh\u1eadn c\u1ee7a B\u1ed9 ph\u1eadn \u0111\u1eb7t ph\u00f2ng \u00edt nh\u1ea5t 05 ng\u00e0y tr\u01b0\u1edbc ng\u00e0y Kh\u00e1ch nh\u1eadn ph\u00f2ng. N\u1ebfu s\u1ef1 thay \u0111\u1ed5i kh\u00f4ng \u0111\u01b0\u1ee3c x\u00e1c nh\u1eadn tr\u01b0\u1edbc, Lynn Times c\u00f3 quy\u1ec1n th\u1ef1c hi\u1ec7n \u0111\u1ed3ng th\u1eddi c\u00e1c bi\u1ec7n ph\u00e1p sau:<\/p>\n<p>&#8211; \u00c1p d\u1ee5ng Gi\u00e1 C\u00f4ng B\u1ed1 t\u1ea1i khu t\u1ed5 h\u1ee3p ngh\u1ec9 d\u01b0\u1ee1ng v\u00e0o ng\u00e0y Kh\u00e1ch l\u00e0m th\u1ee7 t\u1ee5c nh\u1eadn ph\u00f2ng v\u00e0 \u0110\u1ed1i T\u00e1c s\u1ebd ch\u1ecbu ho\u00e0n to\u00e0n tr\u00e1ch nhi\u1ec7m gi\u1ea3i quy\u1ebft c\u00e1c khi\u1ebfu n\u1ea1i c\u1ee7a Kh\u00e1ch ph\u00e1t sinh do vi\u1ec7c cung c\u1ea5p th\u00f4ng tin mu\u1ed9n.<\/p>\n<p>&#8211; Trong tr\u01b0\u1eddng h\u1ee3p c\u00f3 th\u00eam Kh\u00e1ch (bao g\u1ed3m c\u1ea3 tr\u1ebb em) kh\u00f4ng c\u00f3 x\u00e1c nh\u1eadn tr\u01b0\u1edbc, Kh\u00e1ch\/ \u0110\u1ed1i T\u00e1c s\u1ebd ph\u1ea3i tr\u1ea3 m\u1ed9t kho\u1ea3n ph\u1ee5 thu t\u01b0\u01a1ng \u1ee9ng theo b\u1ea3ng Gi\u00e1 C\u00f4ng B\u1ed1 c\u1ee7a khu t\u1ed5 h\u1ee3p ngh\u1ec9 d\u01b0\u1ee1ng t\u1ea1i th\u1eddi \u0111i\u1ec3m nh\u1eadn ph\u00f2ng. Trong tr\u01b0\u1eddng h\u1ee3p \u0111\u1eb7t ph\u00f2ng \u0111\u01b0\u1ee3c th\u1ef1c hi\u1ec7n th\u00f4ng qua \u0110\u1ed1i T\u00e1c, \u0110\u1ed1i T\u00e1c s\u1ebd ph\u1ea3i tr\u1ef1c ti\u1ebfp thanh to\u00e1n kho\u1ea3n ph\u1ee5 thu ho\u1eb7c Lynn Times c\u00f3 quy\u1ec1n kh\u1ea5u tr\u1eeb kho\u1ea3n ph\u1ee5 thu v\u00e0o b\u1ea5t c\u1ee9 kho\u1ea3n thanh to\u00e1n n\u00e0o c\u1ee7a \u0110\u1ed1i T\u00e1c cho Lynn Times.<\/p>\n<p><strong>b. Th\u1ee7 t\u1ee5c nh\u1eadn ph\u00f2ng<\/strong><\/p>\n<p>3. Kh\u00e1ch c\u1ea7n xu\u1ea5t tr\u00ecnh c\u0103n c\u01b0\u1edbc c\u00f4ng d\u00e2n ho\u1eb7c h\u1ed9 chi\u1ebfu v\u00e0\/ho\u1eb7c Gi\u1ea5y khai sinh \u0111\u1ed1i v\u1edbi tr\u1ebb em v\u00e0 ch\u1ee5p \u1ea3nh khi l\u00e0m th\u1ee7 t\u1ee5c nh\u1eadn ph\u00f2ng \u0111\u1ec3 ph\u1ee5c v\u1ee5 m\u1ee5c \u0111\u00edch \u0111\u0103ng k\u00fd, Kh\u00e1ch S\u1ea1n s\u1ebd gi\u1eef m\u1ed9t b\u1ea3n sao c\u1ee7a nh\u1eefng gi\u1ea5y t\u1edd n\u00e0y. Trong tr\u01b0\u1eddng h\u1ee3p Kh\u00e1ch kh\u00f4ng xu\u1ea5t tr\u00ecnh \u0111\u01b0\u1ee3c gi\u1ea5y khai sinh c\u1ee7a tr\u1ebb em, Kh\u00e1ch\/\u0110\u1ed1i T\u00e1c \u0111\u1ed3ng \u00fd d\u00f9ng chi\u1ec1u cao c\u1ee7a tr\u1ebb \u0111\u1ec3 x\u00e1c \u0111\u1ecbnh s\u1ed1 tu\u1ed5i c\u1ee7a tr\u1ebb, c\u1ee5 th\u1ec3 nh\u01b0 sau:<\/p>\n<table style=\"width: 100%; height: 168px;\">\n<tbody>\n<tr style=\"height: 42px;\">\n<td style=\"width: 41.7289%; height: 42px;\">\n<p><strong>Chi\u1ec1u cao<\/strong><\/p>\n<\/td>\n<td style=\"width: 58.1644%; height: 42px;\">\n<p><strong>\u0110\u1ed9 tu\u1ed5i<\/strong><\/p>\n<\/td>\n<\/tr>\n<tr style=\"height: 42px;\">\n<td style=\"width: 41.7289%; height: 42px;\">\n<p>D\u01b0\u1edbi 1m<\/p>\n<\/td>\n<td style=\"width: 58.1644%; height: 42px;\">\n<p>D\u01b0\u1edbi 4 tu\u1ed5i<\/p>\n<\/td>\n<\/tr>\n<tr style=\"height: 42px;\">\n<td style=\"width: 41.7289%; height: 42px;\">\n<p>1m-1m40<\/p>\n<\/td>\n<td style=\"width: 58.1644%; height: 42px;\">\n<p>T\u1eeb 4\u00a0tu\u1ed5i\u00a0\u0111\u1ebfn d\u01b0\u1edbi 12 tu\u1ed5i<\/p>\n<\/td>\n<\/tr>\n<tr style=\"height: 42px;\">\n<td style=\"width: 41.7289%; height: 42px;\">\n<p>Tr\u00ean 1m40<\/p>\n<\/td>\n<td style=\"width: 58.1644%; height: 42px;\">\n<p>T\u1eeb 12 tu\u1ed5i<\/p>\n<\/td>\n<\/tr>\n<\/tbody>\n<\/table>\n<p>&nbsp;<\/p>\n<p>4. B\u1eb1ng vi\u1ec7c \u0111\u1ed3ng \u00fd mua v\u00e0 s\u1eed d\u1ee5ng c\u00e1c d\u1ecbch v\u1ee5 c\u1ee7a Lynn Times, Kh\u00e1ch \u0111\u1ed3ng \u00fd cho ph\u00e9p Lynn Times ch\u1ee5p \u1ea3nh, s\u1eed d\u1ee5ng h\u00ecnh \u1ea3nh v\u00e0 th\u00f4ng tin c\u1ee7a Kh\u00e1ch \u0111\u1ec3 ph\u1ee5c v\u1ee5 m\u1ee5c \u0111\u00edch th\u1ed1ng k\u00ea, qu\u1ea3n l\u00fd l\u01b0u tr\u00fa, li\u00ean l\u1ea1c v\u1edbi Qu\u00fd Kh\u00e1ch qu\u1ea3ng b\u00e1 s\u1ea3n ph\u1ea9m, d\u1ecbch v\u1ee5, nh\u1eadn g\u00f3p \u00fd v\u00e0 c\u00e1c ho\u1ea1t \u0111\u1ed9ng kh\u00e1c ph\u1ee5c v\u1ee5 m\u1ee5c \u0111\u00edch kinh doanh c\u1ee7a Lynn Times ph\u00f9 h\u1ee3p quy \u0111\u1ecbnh ph\u00e1p lu\u1eadt hi\u1ec7n h\u00e0nh<\/p>\n<p>5. Kh\u00e1ch ph\u1ea3i th\u1ef1c hi\u1ec7n \u0111\u1eb7t c\u1ecdc t\u1ea1i th\u1eddi \u0111i\u1ec3m l\u00e0m th\u1ee7 t\u1ee5c nh\u1eadn ph\u00f2ng \u0111\u1ec3 \u0111\u1ea3m b\u1ea3o cho c\u00e1c Y\u00eau C\u1ea7u D\u1ecbch V\u1ee5 ph\u00e1t sinh th\u00eam t\u1ea1i khu t\u1ed5 h\u1ee3p ngh\u1ec9 d\u01b0\u1ee1ng v\u00e0\/ho\u1eb7c c\u00e1c thi\u1ec7t h\u1ea1i kh\u00e1c c\u1ee7a khu t\u1ed5 h\u1ee3p ngh\u1ec9 d\u01b0\u1ee1ng (n\u1ebfu c\u00f3) do Kh\u00e1ch g\u00e2y ra trong su\u1ed1t th\u1eddi gian l\u01b0u tr\u00fa. Kho\u1ea3n \u0111\u1eb7t c\u1ecdc s\u1ebd \u0111\u01b0\u1ee3c Lynn Times ho\u00e0n tr\u1ea3 cho Kh\u00e1ch t\u1ea1i th\u1eddi \u0111i\u1ec3m tr\u1ea3 ph\u00f2ng n\u1ebfu kh\u00f4ng s\u1eed d\u1ee5ng d\u1ecbch v\u1ee5 v\u00e0\/ho\u1eb7c kh\u00f4ng c\u00f3 thi\u1ec7t h\u1ea1i ph\u00e1t sinh \u0111\u1ed1i v\u1edbi khu t\u1ed5 h\u1ee3p ngh\u1ec9 d\u01b0\u1ee1ng. Kho\u1ea3n \u0111\u1eb7t c\u1ecdc th\u1ef1c hi\u1ec7n b\u1eb1ng ti\u1ec1n m\u1eb7t, th\u1ebb ng\u00e2n h\u00e0ng ho\u1eb7c th\u1ebb t\u00edn d\u1ee5ng v\u1edbi m\u1ee9c \u0111\u1eb7tc\u1ecdc c\u1ee5 th\u1ec3 nh\u01b0 sau:<br \/>\n<strong>Ph\u00f2ng Kh\u00e1ch S\u1ea1n v\u00e0 Shoptel: 1.000.000 VN\u0110\/ph\u00f2ng<\/strong><strong>\/\u0111\u00eam<\/strong><\/p>\n<p>6. Lynn Times c\u00f3 quy\u1ec1n t\u1eeb ch\u1ed1i cung c\u1ea5p D\u1ecbch V\u1ee5 n\u1ebfu Kh\u00e1ch kh\u00f4ng th\u1ef1c hi\u1ec7n vi\u1ec7c \u0111\u1eb7t c\u1ecdc theo quy \u0111\u1ecbnhn\u00eau tr\u00ean. Trong tr\u01b0\u1eddng h\u1ee3p \u0111\u1eb7t ph\u00f2ng \u0111\u01b0\u1ee3c th\u1ef1c hi\u1ec7n th\u00f4ng qua \u0110\u1ed1i T\u00e1c th\u00ec \u0110\u1ed1i T\u00e1c c\u00f3 tr\u00e1ch nhi\u1ec7m \u0111\u1eb7t c\u1ecdc thay cho Kh\u00e1ch trong tr\u01b0\u1eddng h\u1ee3p Kh\u00e1ch kh\u00f4ng th\u1ef1c hi\u1ec7n vi\u1ec7c \u0111\u1eb7t c\u1ecdc cho Lynn Times. N\u1ebfu \u0110\u1ed1i T\u00e1c kh\u00f4ng \u0111\u1eb7t c\u1ecdc theo quy \u0111\u1ecbnh th\u00ec ph\u00f2ng kh\u00f4ng \u0111\u01b0\u1ee3c \u0111\u1eb7t c\u1ecdc s\u1ebd \u00e1p d\u1ee5ng theo ch\u00ednh s\u00e1ch Kh\u00e1ch kh\u00f4ng \u0111\u1ebfn nh\u1eadn ph\u00f2ng quy \u0111\u1ecbnh t\u1ea1i \u0110KC n\u00e0y.<\/p>\n<p>Th\u00f4ng tin li\u00ean h\u1ec7 \u0111\u1eb7t ph\u00f2ng c\u1ee7a Lynn Times \u0111\u01b0\u1ee3c \u0111\u0103ng t\u1ea3i t\u1ea1i:\u00a0 <a href=\"https:\/\/lynntimes.com\/lynntimesthanhthuy\/lien-he\/\"><em>https:\/\/lynntimes.com\/lynntimesthanhthuy\/lien-he\/<\/em><\/a><\/p>\n<p>&nbsp;<\/p>\n<p>&nbsp;<\/p>\n","protected":false},"excerpt":{"rendered":"<p>\u0110I\u1ec0U 1. QUY \u0110\u1ecaNH NH\u1eacN V\u00c0 TR\u1ea2 PH\u00d2NG: 1. Th\u1eddi gian nh\u1eadn ph\u00f2ng: Tr\u1eeb khi c\u00f3 th\u00f4ng b\u00e1o v\u00e0\/ho\u1eb7c x\u00e1c nh\u1eadn kh\u00e1c t\u1eeb Khu t\u1ed5 h\u1ee3p ngh\u1ec9 d\u01b0\u1ee1ng: 1.1 Th\u1eddi gian nh\u1eadn ph\u00f2ng t\u1ea1i khu t\u1ed5 h\u1ee3p ngh\u1ec9 d\u01b0\u1ee1ng t\u1eeb 14:00 gi\u1edd ng\u00e0y Kh\u00e1ch \u0111\u1ebfn. C\u00e1c y\u00eau c\u1ea7u nh\u1eadn ph\u00f2ng s\u1edbm tr\u01b0\u1edbc 14:00 gi\u1edd c\u1ea7n [&hellip;]<\/p>\n","protected":false},"author":1,"featured_media":0,"parent":0,"menu_order":0,"comment_status":"closed","ping_status":"closed","template":"","meta":{"footnotes":""},"class_list":["post-303","page","type-page","status-publish","hentry"],"acf":[],"yoast_head":"<!-- This site is optimized with the Yoast SEO Premium plugin v26.3 (Yoast SEO v26.3) - https:\/\/yoast.com\/wordpress\/plugins\/seo\/ -->\n<title>Ch\u00ednh s\u00e1ch \u0111\u1eb7t ph\u00f2ng - Lynn Times<\/title>\n<meta name=\"robots\" content=\"index, follow, max-snippet:-1, max-image-preview:large, max-video-preview:-1\" \/>\n<link rel=\"canonical\" href=\"https:\/\/lynntimes.com\/lynntimesthanhthuy\/chinh-sach-dat-phong\/\" \/>\n<meta property=\"og:locale\" content=\"vi_VN\" \/>\n<meta property=\"og:type\" content=\"article\" \/>\n<meta property=\"og:title\" content=\"Ch\u00ednh s\u00e1ch \u0111\u1eb7t ph\u00f2ng - Lynn Times\" \/>\n<meta property=\"og:description\" content=\"\u0110I\u1ec0U 1. QUY \u0110\u1ecaNH NH\u1eacN V\u00c0 TR\u1ea2 PH\u00d2NG: 1. Th\u1eddi gian nh\u1eadn ph\u00f2ng: Tr\u1eeb khi c\u00f3 th\u00f4ng b\u00e1o v\u00e0\/ho\u1eb7c x\u00e1c nh\u1eadn kh\u00e1c t\u1eeb Khu t\u1ed5 h\u1ee3p ngh\u1ec9 d\u01b0\u1ee1ng: 1.1 Th\u1eddi gian nh\u1eadn ph\u00f2ng t\u1ea1i khu t\u1ed5 h\u1ee3p ngh\u1ec9 d\u01b0\u1ee1ng t\u1eeb 14:00 gi\u1edd ng\u00e0y Kh\u00e1ch \u0111\u1ebfn. C\u00e1c y\u00eau c\u1ea7u nh\u1eadn ph\u00f2ng s\u1edbm tr\u01b0\u1edbc 14:00 gi\u1edd c\u1ea7n [&hellip;]\" \/>\n<meta property=\"og:url\" content=\"https:\/\/lynntimes.com\/lynntimesthanhthuy\/chinh-sach-dat-phong\/\" \/>\n<meta property=\"og:site_name\" content=\"Lynn Times\" \/>\n<meta property=\"article:publisher\" content=\"https:\/\/www.facebook.com\/wyndhamlynntimesthanhthuy.resort\" \/>\n<meta property=\"article:modified_time\" content=\"2024-10-31T04:52:23+00:00\" \/>\n<meta property=\"og:image\" content=\"https:\/\/lynntimes.com\/lynntimesthanhthuy\/wp-content\/uploads\/2025\/04\/cropped-logoden-1-scaled-1.png\" \/>\n\t<meta property=\"og:image:width\" content=\"512\" \/>\n\t<meta property=\"og:image:height\" content=\"512\" \/>\n\t<meta property=\"og:image:type\" content=\"image\/png\" \/>\n<meta name=\"twitter:card\" content=\"summary_large_image\" \/>\n<meta name=\"twitter:site\" content=\"@lynntimescom\" \/>\n<meta name=\"twitter:label1\" content=\"Est. reading time\" \/>\n\t<meta name=\"twitter:data1\" content=\"10 minutes\" \/>\n<script type=\"application\/ld+json\" class=\"yoast-schema-graph\">{\"@context\":\"https:\/\/schema.org\",\"@graph\":[{\"@type\":\"WebPage\",\"@id\":\"https:\/\/lynntimes.com\/lynntimesthanhthuy\/chinh-sach-dat-phong\/\",\"url\":\"https:\/\/lynntimes.com\/lynntimesthanhthuy\/chinh-sach-dat-phong\/\",\"name\":\"Ch\u00ednh s\u00e1ch \u0111\u1eb7t ph\u00f2ng - Lynn Times\",\"isPartOf\":{\"@id\":\"https:\/\/lynntimes.com\/lynntimesthanhthuy\/#website\"},\"datePublished\":\"2022-11-19T01:48:58+00:00\",\"dateModified\":\"2024-10-31T04:52:23+00:00\",\"inLanguage\":\"vi-VN\",\"potentialAction\":[{\"@type\":\"ReadAction\",\"target\":[\"https:\/\/lynntimes.com\/lynntimesthanhthuy\/chinh-sach-dat-phong\/\"]}]},{\"@type\":\"WebSite\",\"@id\":\"https:\/\/lynntimes.com\/lynntimesthanhthuy\/#website\",\"url\":\"https:\/\/lynntimes.com\/lynntimesthanhthuy\/\",\"name\":\"Lynn Times Thanh Th\u1ee7y\",\"description\":\"Lynn Times Thanh Thuy\",\"potentialAction\":[{\"@type\":\"SearchAction\",\"target\":{\"@type\":\"EntryPoint\",\"urlTemplate\":\"https:\/\/lynntimes.com\/lynntimesthanhthuy\/?s={search_term_string}\"},\"query-input\":{\"@type\":\"PropertyValueSpecification\",\"valueRequired\":true,\"valueName\":\"search_term_string\"}}],\"inLanguage\":\"vi-VN\"}]}<\/script>\n<!-- \/ Yoast SEO Premium plugin. -->","yoast_head_json":{"title":"Ch\u00ednh s\u00e1ch \u0111\u1eb7t ph\u00f2ng - Lynn Times","robots":{"index":"index","follow":"follow","max-snippet":"max-snippet:-1","max-image-preview":"max-image-preview:large","max-video-preview":"max-video-preview:-1"},"canonical":"https:\/\/lynntimes.com\/lynntimesthanhthuy\/chinh-sach-dat-phong\/","og_locale":"vi_VN","og_type":"article","og_title":"Ch\u00ednh s\u00e1ch \u0111\u1eb7t ph\u00f2ng - Lynn Times","og_description":"\u0110I\u1ec0U 1. QUY \u0110\u1ecaNH NH\u1eacN V\u00c0 TR\u1ea2 PH\u00d2NG: 1. Th\u1eddi gian nh\u1eadn ph\u00f2ng: Tr\u1eeb khi c\u00f3 th\u00f4ng b\u00e1o v\u00e0\/ho\u1eb7c x\u00e1c nh\u1eadn kh\u00e1c t\u1eeb Khu t\u1ed5 h\u1ee3p ngh\u1ec9 d\u01b0\u1ee1ng: 1.1 Th\u1eddi gian nh\u1eadn ph\u00f2ng t\u1ea1i khu t\u1ed5 h\u1ee3p ngh\u1ec9 d\u01b0\u1ee1ng t\u1eeb 14:00 gi\u1edd ng\u00e0y Kh\u00e1ch \u0111\u1ebfn. C\u00e1c y\u00eau c\u1ea7u nh\u1eadn ph\u00f2ng s\u1edbm tr\u01b0\u1edbc 14:00 gi\u1edd c\u1ea7n [&hellip;]","og_url":"https:\/\/lynntimes.com\/lynntimesthanhthuy\/chinh-sach-dat-phong\/","og_site_name":"Lynn Times","article_publisher":"https:\/\/www.facebook.com\/wyndhamlynntimesthanhthuy.resort","article_modified_time":"2024-10-31T04:52:23+00:00","og_image":[{"width":512,"height":512,"url":"https:\/\/lynntimes.com\/lynntimesthanhthuy\/wp-content\/uploads\/2025\/04\/cropped-logoden-1-scaled-1.png","type":"image\/png"}],"twitter_card":"summary_large_image","twitter_site":"@lynntimescom","twitter_misc":{"Est. reading time":"10 minutes"},"schema":{"@context":"https:\/\/schema.org","@graph":[{"@type":"WebPage","@id":"https:\/\/lynntimes.com\/lynntimesthanhthuy\/chinh-sach-dat-phong\/","url":"https:\/\/lynntimes.com\/lynntimesthanhthuy\/chinh-sach-dat-phong\/","name":"Ch\u00ednh s\u00e1ch \u0111\u1eb7t ph\u00f2ng - Lynn Times","isPartOf":{"@id":"https:\/\/lynntimes.com\/lynntimesthanhthuy\/#website"},"datePublished":"2022-11-19T01:48:58+00:00","dateModified":"2024-10-31T04:52:23+00:00","inLanguage":"vi-VN","potentialAction":[{"@type":"ReadAction","target":["https:\/\/lynntimes.com\/lynntimesthanhthuy\/chinh-sach-dat-phong\/"]}]},{"@type":"WebSite","@id":"https:\/\/lynntimes.com\/lynntimesthanhthuy\/#website","url":"https:\/\/lynntimes.com\/lynntimesthanhthuy\/","name":"Lynn Times Thanh Th\u1ee7y","description":"Lynn Times Thanh Thuy","potentialAction":[{"@type":"SearchAction","target":{"@type":"EntryPoint","urlTemplate":"https:\/\/lynntimes.com\/lynntimesthanhthuy\/?s={search_term_string}"},"query-input":{"@type":"PropertyValueSpecification","valueRequired":true,"valueName":"search_term_string"}}],"inLanguage":"vi-VN"}]}},"_links":{"self":[{"href":"https:\/\/lynntimes.com\/lynntimesthanhthuy\/wp-json\/wp\/v2\/pages\/303","targetHints":{"allow":["GET"]}}],"collection":[{"href":"https:\/\/lynntimes.com\/lynntimesthanhthuy\/wp-json\/wp\/v2\/pages"}],"about":[{"href":"https:\/\/lynntimes.com\/lynntimesthanhthuy\/wp-json\/wp\/v2\/types\/page"}],"author":[{"embeddable":true,"href":"https:\/\/lynntimes.com\/lynntimesthanhthuy\/wp-json\/wp\/v2\/users\/1"}],"replies":[{"embeddable":true,"href":"https:\/\/lynntimes.com\/lynntimesthanhthuy\/wp-json\/wp\/v2\/comments?post=303"}],"version-history":[{"count":9,"href":"https:\/\/lynntimes.com\/lynntimesthanhthuy\/wp-json\/wp\/v2\/pages\/303\/revisions"}],"predecessor-version":[{"id":8673,"href":"https:\/\/lynntimes.com\/lynntimesthanhthuy\/wp-json\/wp\/v2\/pages\/303\/revisions\/8673"}],"wp:attachment":[{"href":"https:\/\/lynntimes.com\/lynntimesthanhthuy\/wp-json\/wp\/v2\/media?parent=303"}],"curies":[{"name":"wp","href":"https:\/\/api.w.org\/{rel}","templated":true}]}}