{"id":301,"date":"2022-11-19T01:48:43","date_gmt":"2022-11-19T01:48:43","guid":{"rendered":"https:\/\/lynntimes.com\/wyndhamthanhthuy\/?page_id=301"},"modified":"2024-10-31T11:18:42","modified_gmt":"2024-10-31T04:18:42","slug":"chinh-sach-giai-quyet","status":"publish","type":"page","link":"https:\/\/lynntimes.com\/lynntimesthanhthuy\/chinh-sach-giai-quyet\/","title":{"rendered":"Ch\u00ednh s\u00e1ch gi\u1ea3i quy\u1ebft khi\u1ebfu n\u1ea1i tranh ch\u1ea5p"},"content":{"rendered":"<p>C\u01a1 ch\u1ebf ti\u1ebfp nh\u1eadn th\u00f4ng tin, \u00fd ki\u1ebfn v\u00e0 C\u00e1c ph\u01b0\u01a1ng th\u1ee9c gi\u1ea3i quy\u1ebft tranh ch\u1ea5p khi\u1ebfu n\u1ea1i \u0111\u01b0\u1ee3c \u00e1p d\u1ee5ng t\u1ea1i d\u1ef1 \u00e1n Wynhamd Lynn Times Thanh Th\u1ee7y: <br \/>\nLynn Times ch\u1ecbu tr\u00e1ch nhi\u1ec7m ti\u1ebfp nh\u1eadn v\u00e0 gi\u1ea3i quy\u1ebft khi\u1ebfu n\u1ea1i c\u1ee7a Kh\u00e1ch h\u00e0ng li\u00ean quan \u0111\u1ebfn ho\u1ea1t \u0111\u1ed9ng giao d\u1ecbch, mua\/b\u00e1n, s\u1eedng d\u1ee5ng s\u1ea3n ph\u1ea9m\/d\u1ecbch v\u1ee5 do Lynn Times cung c\u1ea5p tr\u00ean trang https:\/\/lynntimes.com v\u00e0\/ho\u1eb7c b\u1ea5t k\u1ef3 s\u1ea3n ph\u1ea9m\/d\u1ecbch v\u1ee5 n\u00e0o do Lynn Times cung c\u1ea5p theo ch\u00ednh s\u00e1ch t\u1ea1i t\u1eebng th\u1eddi \u0111i\u1ec3m.<\/p>\n<p>Trong t\u1eebng tr\u01b0\u1eddng h\u1ee3p c\u1ee5 th\u1ec3, Lynn Times c\u00f3 quy\u1ec1n: y\u00eau c\u1ea7u Kh\u00e1ch h\u00e0ng cung c\u1ea5p ch\u00ednh x\u00e1c c\u00e1c th\u00f4ng tin, h\u00ecnh \u1ea3nh v\u00e0\/ho\u1eb7c b\u1ea5t k\u1ef3 ch\u1ee9ng c\u1ee9 ch\u1ee9ng m\u00ecnh n\u00e0o v\u1ec1 v\u1ea5n \u0111\u1ec1, s\u1ef1 vi\u1ec7c g\u00e2y m\u00e2u thu\u1eabn ph\u00e1t sinh c\u1ea7n gi\u1ea3i quy\u1ebft m\u00e0 Kh\u00e1ch h\u00e0ng nh\u1eadn th\u1ea5y r\u1eb1ng quy\u1ec1n v\u00e0 l\u1ee3i \u00edch c\u1ee7a m\u00ecnh b\u1ecb x\u00e2m ph\u1ea1m v\u00e0 \u0111\u00e3 c\u00f3 thi\u1ec7t h\u1ea1i th\u1ef1c t\u1ebf x\u1ea3y ra. <br \/>\nC\u00e1c ph\u01b0\u01a1ng th\u1ee9c gi\u1ea3i quy\u1ebft tranh ch\u1ea5p:<br \/>\n\u2022 C\u00e1c B\u00ean t\u1ef1 th\u1ecfa thu\u1eadn ;<br \/>\n\u2022 M\u1ed9t ho\u1eb7c C\u1ea3 Hai B\u00ean c\u00f9ng \u0111\u01b0a s\u1ef1 vi\u1ec7c ra gi\u1ea3i quy\u1ebft t\u1ea1i C\u01a1 quan Nh\u00e0 n\u01b0\u1edbc c\u00f3 th\u1ea9m quy\u1ec1n; <br \/>\n\u2022 H\u00ecnh th\u1ee9c kh\u00e1c<\/p>\n<p>Lynn Times s\u1ebd ti\u1ebfp nh\u1eadn v\u00e0 gi\u1ea3i quy\u1ebft c\u00e1c v\u1ea5n \u0111\u1ec1 ph\u00e1t sinh theo quy tr\u00ecnh sau:<br \/>\n<strong>B\u01b0\u1edbc 1:<\/strong> B\u1ed9 ph\u1eadn Kinh doanh s\u1ebd ti\u1ebfp nh\u1eadn c\u00e1c th\u00f4ng tin, \u00fd ki\u1ebfn, khi\u1ebfu n\u1ea1i c\u1ee7a Kh\u00e1ch h\u00e0ng ch\u1ee7 \u0111\u1ed9ng gi\u1ea3i quy\u1ebft v\u00e0 nhanh ch\u00f3ng tr\u1ea3 l\u1eddi nh\u1eefng tr\u01b0\u1eddng h\u1ee3p \u0111\u01a1n gi\u1ea3n tr\u00ean c\u01a1 s\u1edf c\u00e1c Ch\u00ednh s\u00e1ch m\u00e0 Lynn Times \u0111\u00e3 c\u00f4ng b\u1ed1.<br \/>\n<strong>B\u01b0\u1edbc 2:<\/strong> Trong tr\u01b0\u1eddng h\u1ee3p s\u1ef1 vi\u1ec7c ph\u1ee9c t\u1ea1p v\u00e0\/ho\u1eb7c kh\u00f4ng \u0111\u01b0\u1ee3c quy \u0111\u1ecbnh t\u1ea1i c\u00e1c ch\u00ednh s\u00e1ch m\u00e0 Lynn Times \u0111\u00e3 c\u00f4ng b\u1ed1 th\u00ec B\u1ed9 ph\u1eadn Ch\u0103m s\u00f3c Kh\u00e1ch h\u00e0ng s\u1ebd cam k\u1ebft th\u1eddi h\u1ea1n ph\u1ea3n h\u1ed3i cho Kh\u00e1ch h\u00e0ng trong th\u1eddi gian kh\u00f4ng qu\u00e1 7 ng\u00e0y t\u00ednh t\u1eeb th\u1eddi \u0111i\u1ec3m Kh\u00e1ch h\u00e0ng th\u00f4ng b\u00e1o t\u1edbi Lynn Times.<br \/>\n<strong>B\u01b0\u1edbc 3:<\/strong> Chuy\u1ec3n k\u1ebft qu\u1ea3 gi\u1ea3i quy\u1ebft \u00fd ki\u1ebfn, s\u1ef1 vi\u1ec7c, khi\u1ebfu n\u1ea1i t\u1edbi c\u00e1c b\u1ed9 ph\u1eadn c\u00f3 li\u00ean quan \u0111\u1ec3 th\u1ef1c hi\u1ec7n v\u00e0 g\u1ecdi \u0111i\u1ec7n x\u00e1c nh\u1eadn v\u1edbi Kh\u00e1ch h\u00e0ng v\u1ec1 k\u1ebft qu\u1ea3 khi\u1ebfu n\u1ea1i \u0111\u00e3 \u0111\u01b0\u1ee3c gi\u1ea3i quy\u1ebft. <br \/>\nTrong tr\u01b0\u1eddng h\u1ee3p Kh\u00e1ch h\u00e0ng v\u00e0 Lynn Times kh\u00f4ng \u0111\u1ea1t \u0111\u01b0\u1ee3c s\u1ef1 \u0111\u1ed3ng thu\u1eadn trong vi\u1ec7c gi\u1ea3i quy\u1ebft tranh ch\u1ea5p, M\u1ed9t trong Hai B\u00ean c\u00f3 quy\u1ec1n \u0111\u01b0a s\u1ef1 vi\u1ec7c ra C\u01a1 Quan Nh\u00e0 n\u01b0\u1edbc c\u00f3 th\u1ea9m quy\u1ec1n \u0111\u1ec3 gi\u1ea3i quy\u1ebft theo quy \u0111\u1ecbnh ph\u00e1p lu\u1eadt.<\/p>\n<p>M\u1ecdi th\u1eafc m\u1eafc xin li\u00ean h\u1ec7:<\/p>\n<p>C\u00f4ng ty C\u1ed5 ph\u1ea7n Qu\u1ea3n l\u00fd Kh\u00e1ch s\u1ea1n v\u00e0 Khu ngh\u1ec9 d\u01b0\u1ee1ng Lynn Times <br \/>\n\u0110\u1ecba ch\u1ec9: B\u1ea3o Y\u00ean, Thanh Th\u1ee7y, Ph\u00fa Th\u1ecd, Vi\u1ec7t Nam<br \/>\nHotline: 0210 627 99 55 (Nh\u00e1nh 1)<\/p>\n","protected":false},"excerpt":{"rendered":"<p>C\u01a1 ch\u1ebf ti\u1ebfp nh\u1eadn th\u00f4ng tin, \u00fd ki\u1ebfn v\u00e0 C\u00e1c ph\u01b0\u01a1ng th\u1ee9c gi\u1ea3i quy\u1ebft tranh ch\u1ea5p khi\u1ebfu n\u1ea1i \u0111\u01b0\u1ee3c \u00e1p d\u1ee5ng t\u1ea1i d\u1ef1 \u00e1n Wynhamd Lynn Times Thanh Th\u1ee7y: Lynn Times ch\u1ecbu tr\u00e1ch nhi\u1ec7m ti\u1ebfp nh\u1eadn v\u00e0 gi\u1ea3i quy\u1ebft khi\u1ebfu n\u1ea1i c\u1ee7a Kh\u00e1ch h\u00e0ng li\u00ean quan \u0111\u1ebfn ho\u1ea1t \u0111\u1ed9ng giao d\u1ecbch, mua\/b\u00e1n, s\u1eedng d\u1ee5ng s\u1ea3n [&hellip;]<\/p>\n","protected":false},"author":1,"featured_media":0,"parent":0,"menu_order":0,"comment_status":"closed","ping_status":"closed","template":"","meta":{"footnotes":""},"class_list":["post-301","page","type-page","status-publish","hentry"],"acf":[],"yoast_head":"<!-- This site is optimized with the Yoast SEO Premium plugin v26.3 (Yoast SEO v26.3) - https:\/\/yoast.com\/wordpress\/plugins\/seo\/ -->\n<title>Ch\u00ednh s\u00e1ch gi\u1ea3i quy\u1ebft khi\u1ebfu n\u1ea1i tranh ch\u1ea5p - Lynn Times<\/title>\n<meta name=\"robots\" content=\"index, follow, max-snippet:-1, max-image-preview:large, max-video-preview:-1\" \/>\n<link rel=\"canonical\" href=\"https:\/\/lynntimes.com\/lynntimesthanhthuy\/chinh-sach-giai-quyet\/\" \/>\n<meta property=\"og:locale\" content=\"vi_VN\" \/>\n<meta property=\"og:type\" content=\"article\" \/>\n<meta property=\"og:title\" content=\"Ch\u00ednh s\u00e1ch gi\u1ea3i quy\u1ebft khi\u1ebfu n\u1ea1i tranh ch\u1ea5p - Lynn Times\" \/>\n<meta property=\"og:description\" content=\"C\u01a1 ch\u1ebf ti\u1ebfp nh\u1eadn th\u00f4ng tin, \u00fd ki\u1ebfn v\u00e0 C\u00e1c ph\u01b0\u01a1ng th\u1ee9c gi\u1ea3i quy\u1ebft tranh ch\u1ea5p khi\u1ebfu n\u1ea1i \u0111\u01b0\u1ee3c \u00e1p d\u1ee5ng t\u1ea1i d\u1ef1 \u00e1n Wynhamd Lynn Times Thanh Th\u1ee7y: Lynn Times ch\u1ecbu tr\u00e1ch nhi\u1ec7m ti\u1ebfp nh\u1eadn v\u00e0 gi\u1ea3i quy\u1ebft khi\u1ebfu n\u1ea1i c\u1ee7a Kh\u00e1ch h\u00e0ng li\u00ean quan \u0111\u1ebfn ho\u1ea1t \u0111\u1ed9ng giao d\u1ecbch, mua\/b\u00e1n, s\u1eedng d\u1ee5ng s\u1ea3n [&hellip;]\" \/>\n<meta property=\"og:url\" content=\"https:\/\/lynntimes.com\/lynntimesthanhthuy\/chinh-sach-giai-quyet\/\" \/>\n<meta property=\"og:site_name\" content=\"Lynn Times\" \/>\n<meta property=\"article:publisher\" content=\"https:\/\/www.facebook.com\/wyndhamlynntimesthanhthuy.resort\" \/>\n<meta property=\"article:modified_time\" content=\"2024-10-31T04:18:42+00:00\" \/>\n<meta property=\"og:image\" content=\"https:\/\/lynntimes.com\/lynntimesthanhthuy\/wp-content\/uploads\/2025\/04\/cropped-logoden-1-scaled-1.png\" \/>\n\t<meta property=\"og:image:width\" content=\"512\" \/>\n\t<meta property=\"og:image:height\" content=\"512\" \/>\n\t<meta property=\"og:image:type\" content=\"image\/png\" \/>\n<meta name=\"twitter:card\" content=\"summary_large_image\" \/>\n<meta name=\"twitter:site\" content=\"@lynntimescom\" \/>\n<meta name=\"twitter:label1\" content=\"Est. reading time\" \/>\n\t<meta name=\"twitter:data1\" content=\"3 minutes\" \/>\n<script type=\"application\/ld+json\" class=\"yoast-schema-graph\">{\"@context\":\"https:\/\/schema.org\",\"@graph\":[{\"@type\":\"WebPage\",\"@id\":\"https:\/\/lynntimes.com\/lynntimesthanhthuy\/chinh-sach-giai-quyet\/\",\"url\":\"https:\/\/lynntimes.com\/lynntimesthanhthuy\/chinh-sach-giai-quyet\/\",\"name\":\"Ch\u00ednh s\u00e1ch gi\u1ea3i quy\u1ebft khi\u1ebfu n\u1ea1i tranh ch\u1ea5p - Lynn Times\",\"isPartOf\":{\"@id\":\"https:\/\/lynntimes.com\/lynntimesthanhthuy\/#website\"},\"datePublished\":\"2022-11-19T01:48:43+00:00\",\"dateModified\":\"2024-10-31T04:18:42+00:00\",\"inLanguage\":\"vi-VN\",\"potentialAction\":[{\"@type\":\"ReadAction\",\"target\":[\"https:\/\/lynntimes.com\/lynntimesthanhthuy\/chinh-sach-giai-quyet\/\"]}]},{\"@type\":\"WebSite\",\"@id\":\"https:\/\/lynntimes.com\/lynntimesthanhthuy\/#website\",\"url\":\"https:\/\/lynntimes.com\/lynntimesthanhthuy\/\",\"name\":\"Lynn Times Thanh Th\u1ee7y\",\"description\":\"Lynn Times Thanh Thuy\",\"potentialAction\":[{\"@type\":\"SearchAction\",\"target\":{\"@type\":\"EntryPoint\",\"urlTemplate\":\"https:\/\/lynntimes.com\/lynntimesthanhthuy\/?s={search_term_string}\"},\"query-input\":{\"@type\":\"PropertyValueSpecification\",\"valueRequired\":true,\"valueName\":\"search_term_string\"}}],\"inLanguage\":\"vi-VN\"}]}<\/script>\n<!-- \/ Yoast SEO Premium plugin. -->","yoast_head_json":{"title":"Ch\u00ednh s\u00e1ch gi\u1ea3i quy\u1ebft khi\u1ebfu n\u1ea1i tranh ch\u1ea5p - Lynn Times","robots":{"index":"index","follow":"follow","max-snippet":"max-snippet:-1","max-image-preview":"max-image-preview:large","max-video-preview":"max-video-preview:-1"},"canonical":"https:\/\/lynntimes.com\/lynntimesthanhthuy\/chinh-sach-giai-quyet\/","og_locale":"vi_VN","og_type":"article","og_title":"Ch\u00ednh s\u00e1ch gi\u1ea3i quy\u1ebft khi\u1ebfu n\u1ea1i tranh ch\u1ea5p - Lynn Times","og_description":"C\u01a1 ch\u1ebf ti\u1ebfp nh\u1eadn th\u00f4ng tin, \u00fd ki\u1ebfn v\u00e0 C\u00e1c ph\u01b0\u01a1ng th\u1ee9c gi\u1ea3i quy\u1ebft tranh ch\u1ea5p khi\u1ebfu n\u1ea1i \u0111\u01b0\u1ee3c \u00e1p d\u1ee5ng t\u1ea1i d\u1ef1 \u00e1n Wynhamd Lynn Times Thanh Th\u1ee7y: Lynn Times ch\u1ecbu tr\u00e1ch nhi\u1ec7m ti\u1ebfp nh\u1eadn v\u00e0 gi\u1ea3i quy\u1ebft khi\u1ebfu n\u1ea1i c\u1ee7a Kh\u00e1ch h\u00e0ng li\u00ean quan \u0111\u1ebfn ho\u1ea1t \u0111\u1ed9ng giao d\u1ecbch, mua\/b\u00e1n, s\u1eedng d\u1ee5ng s\u1ea3n [&hellip;]","og_url":"https:\/\/lynntimes.com\/lynntimesthanhthuy\/chinh-sach-giai-quyet\/","og_site_name":"Lynn Times","article_publisher":"https:\/\/www.facebook.com\/wyndhamlynntimesthanhthuy.resort","article_modified_time":"2024-10-31T04:18:42+00:00","og_image":[{"width":512,"height":512,"url":"https:\/\/lynntimes.com\/lynntimesthanhthuy\/wp-content\/uploads\/2025\/04\/cropped-logoden-1-scaled-1.png","type":"image\/png"}],"twitter_card":"summary_large_image","twitter_site":"@lynntimescom","twitter_misc":{"Est. reading time":"3 minutes"},"schema":{"@context":"https:\/\/schema.org","@graph":[{"@type":"WebPage","@id":"https:\/\/lynntimes.com\/lynntimesthanhthuy\/chinh-sach-giai-quyet\/","url":"https:\/\/lynntimes.com\/lynntimesthanhthuy\/chinh-sach-giai-quyet\/","name":"Ch\u00ednh s\u00e1ch gi\u1ea3i quy\u1ebft khi\u1ebfu n\u1ea1i tranh ch\u1ea5p - Lynn Times","isPartOf":{"@id":"https:\/\/lynntimes.com\/lynntimesthanhthuy\/#website"},"datePublished":"2022-11-19T01:48:43+00:00","dateModified":"2024-10-31T04:18:42+00:00","inLanguage":"vi-VN","potentialAction":[{"@type":"ReadAction","target":["https:\/\/lynntimes.com\/lynntimesthanhthuy\/chinh-sach-giai-quyet\/"]}]},{"@type":"WebSite","@id":"https:\/\/lynntimes.com\/lynntimesthanhthuy\/#website","url":"https:\/\/lynntimes.com\/lynntimesthanhthuy\/","name":"Lynn Times Thanh Th\u1ee7y","description":"Lynn Times Thanh Thuy","potentialAction":[{"@type":"SearchAction","target":{"@type":"EntryPoint","urlTemplate":"https:\/\/lynntimes.com\/lynntimesthanhthuy\/?s={search_term_string}"},"query-input":{"@type":"PropertyValueSpecification","valueRequired":true,"valueName":"search_term_string"}}],"inLanguage":"vi-VN"}]}},"_links":{"self":[{"href":"https:\/\/lynntimes.com\/lynntimesthanhthuy\/wp-json\/wp\/v2\/pages\/301","targetHints":{"allow":["GET"]}}],"collection":[{"href":"https:\/\/lynntimes.com\/lynntimesthanhthuy\/wp-json\/wp\/v2\/pages"}],"about":[{"href":"https:\/\/lynntimes.com\/lynntimesthanhthuy\/wp-json\/wp\/v2\/types\/page"}],"author":[{"embeddable":true,"href":"https:\/\/lynntimes.com\/lynntimesthanhthuy\/wp-json\/wp\/v2\/users\/1"}],"replies":[{"embeddable":true,"href":"https:\/\/lynntimes.com\/lynntimesthanhthuy\/wp-json\/wp\/v2\/comments?post=301"}],"version-history":[{"count":5,"href":"https:\/\/lynntimes.com\/lynntimesthanhthuy\/wp-json\/wp\/v2\/pages\/301\/revisions"}],"predecessor-version":[{"id":8669,"href":"https:\/\/lynntimes.com\/lynntimesthanhthuy\/wp-json\/wp\/v2\/pages\/301\/revisions\/8669"}],"wp:attachment":[{"href":"https:\/\/lynntimes.com\/lynntimesthanhthuy\/wp-json\/wp\/v2\/media?parent=301"}],"curies":[{"name":"wp","href":"https:\/\/api.w.org\/{rel}","templated":true}]}}