{"id":299,"date":"2022-11-19T01:48:26","date_gmt":"2022-11-19T01:48:26","guid":{"rendered":"https:\/\/lynntimes.com\/wyndhamthanhthuy\/?page_id=299"},"modified":"2026-04-16T15:37:37","modified_gmt":"2026-04-16T08:37:37","slug":"quy-dinh-chung","status":"publish","type":"page","link":"https:\/\/lynntimes.com\/lynntimesthanhthuy\/quy-dinh-chung\/","title":{"rendered":"Quy \u0111\u1ecbnh chung"},"content":{"rendered":"<p><span style=\"font-size: 16px;\"><strong>A. GI\u1edaI THI\u1ec6U<\/strong><\/span><\/p>\n<ol>\n<li>Nh\u1eefng quy \u0111\u1ecbnh sau \u0111\u00e2y \u0111\u00e3 \u0111\u01b0\u1ee3c \u0111\u01b0a ra b\u1edfi Lynntimes nh\u1eb1m \u0111\u1ea3m b\u1ea3o an to\u00e0n, \u1ed5n \u0111\u1ecbnh v\u00e0 b\u1ea3o v\u1ec1 c\u00e1c l\u1ee3i \u00edch c\u1ee7a Kh\u00e1ch h\u00e0ng (\u201cKh\u00e1ch\u201d). C\u00e1c quy \u0111\u1ecbnh n\u00e0y s\u1ebd \u0111\u01b0\u1ee3c th\u1ef1c hi\u1ec7n nghi\u00eam t\u00fac b\u1edfi to\u00e0n b\u1ed9 Ban qu\u1ea3n l\u00fd v\u00e0 nh\u00e2n vi\u00ean khu t\u1ed5 h\u1ee3p ngh\u1ec9 d\u01b0\u1ee1ng mang th\u01b0\u01a1ng hi\u1ec7u Lynntimes. Lynntimes mong mu\u1ed1n Qu\u00fd kh\u00e1ch \u0111\u01b0\u1ee3c h\u01b0\u1edfng th\u1ee5 c\u00e1c ti\u1ec7n nghi, d\u1ecbch v\u1ee5 v\u00e0 quy\u1ec1n l\u1ee3i c\u1ee7a khu t\u1ed5 h\u1ee3p ngh\u1ec9 d\u01b0\u1ee1ng. Theo \u0111\u00f3, Qu\u00fd kh\u00e1ch c\u1ea7n hi\u1ec3u r\u00f5 v\u00e0 tu\u00e2n theo Quy \u0110\u1ecbnh Chung (\u201cQ\u0110C\u201d) nh\u1eb1m \u0111\u1ea3m b\u1ea3o Kh\u00e1ch nh\u1eadn \u0111\u01b0\u1ee3c tr\u1ea3i nghi\u1ec7m t\u1ed1t nh\u1ea5t v\u1ec1 D\u1ecbch V\u1ee5 t\u1ea1i khu t\u1ed5 h\u1ee3p ngh\u1ec9 d\u01b0\u1ee1ng.<\/li>\n<li>Q\u0110C n\u00e0y c\u00f3 th\u1ec3 \u0111\u01b0\u1ee3c s\u1eeda \u0111\u1ed5i, b\u1ed5 sung t\u1ea1i t\u1eebng th\u1eddi \u0111i\u1ec3m theo quy\u1ebft \u0111\u1ecbnh c\u1ee7a Lynntimes nh\u1eb1m n\u00e2ng cao ch\u1ea5t l\u01b0\u1ee3ng D\u1ecbch V\u1ee5 v\u00e0 tr\u1ea3i nghi\u1ec7m c\u1ee7a Kh\u00e1ch v\u00e0 \u0111\u01b0\u1ee3c \u0111\u0103ng t\u1ea3i tr\u00ean Trang Web ch\u00ednh th\u1ee9c c\u1ee7a Lynntimes t\u1ea1i \u0111\u1ecba ch\u1ec9 <a href=\"https:\/\/lynntimes.com\/lynntimesthanhthuy\/\">https:\/\/lynntimes.com\/lynntimesthanhthuy\/<\/a><\/li>\n<\/ol>\n<p>\n<span style=\"font-size: 16px;\"><strong>B. QUY \u0110\u1ecaNH CHUNG KHU V\u1ef0C KH\u00c1CH S\u1ea0N V\u00c0 SHOPTEL<\/strong><\/span><\/p>\n<ol>\n<li>Tu\u00e2n th\u1ee7 c\u00e1c quy \u0111\u1ecbnh c\u1ee7a Nh\u00e0 n\u01b0\u1edbc v\u00e0 c\u1ee7a khu t\u1ed5 h\u1ee3p ngh\u1ec9 d\u01b0\u1ee1ng v\u1ec1 \u0111\u1ea3m b\u1ea3o an to\u00e0n ph\u00f2ng, ch\u1ed1ng d\u1ecbch b\u1ec7nh. T\u1ea5t c\u1ea3 kh\u00e1ch h\u00e0ng \u0111\u1ebfn l\u01b0u tr\u00fa ph\u1ea3i mang theo gi\u1ea5y t\u1edd t\u00f9y th\u00e2n h\u1ee3p l\u1ec7 theo Quy \u0111\u1ecbnh c\u1ee7a Lu\u1eadt l\u01b0u tr\u00fa.<\/li>\n<li>Th\u00fa nu\u00f4i kh\u00f4ng \u0111\u01b0\u1ee3c ph\u00e9p mang v\u00e0o khu\u00f4n vi\u00ean khu v\u1ef1c Kh\u00e1ch S\u1ea1n.<\/li>\n<li>H\u00fat thu\u1ed1c ch\u1ec9 \u0111\u01b0\u1ee3c cho ph\u00e9p t\u1ea1i c\u00e1c n\u01a1i c\u00f3 bi\u1ec3n hi\u1ec7u cho ph\u00e9p. Tuy\u1ec7t \u0111\u1ed1i kh\u00f4ng h\u00fat thu\u1ed1c t\u1ea1i n\u01a1i kh\u00f4ng \u0111\u01b0\u1ee3c ph\u00e9p v\u00e0\/ho\u1eb7c trong ph\u00f2ng \u1edf (bao g\u1ed3m khu v\u1ef1c ban c\u00f4ng). Tr\u01b0\u1eddng h\u1ee3p vi ph\u1ea1m quy \u0111\u1ecbnh n\u00e0y, Kh\u00e1ch ph\u1ea3i thanh to\u00e1n phi b\u1ed3i th\u01b0\u1eddng cho vi\u1ec7c ph\u1ee5c h\u1ed3i, l\u00e0m s\u1ea1ch s\u00e2u, kh\u1eed m\u00f9i trang thi\u00eat b\u1ecb \u0111\u1ed3 d\u00f9ng b\u1ecb \u00e1m m\u00f9i l\u00e0 3.000.000 VN\u0110 cho m\u1ed9t l\u1ea7n \u1edf c\u00f3 ph\u00e1t hi\u1ec7n h\u00fat thu\u1ed1c g\u00e2y \u00e1m m\u00f9i trong ph\u00f2ng.<\/li>\n<li>Tu\u00e2n th\u1ee7 quy \u0111\u1ecbnh v\u1ec1 an to\u00e0n khi \u0111ang \u1edf tr\u00ean xe di chuy\u1ec3n trong khu v\u1ef1c khu t\u1ed5 h\u1ee3p ngh\u1ec9 d\u01b0\u1ee1ng.<\/li>\n<li>C\u01b0 x\u1eed \u0111\u00fang m\u1ef1c t\u1ea1i n\u01a1i c\u00f4ng c\u1ed9ng: T\u00f4n tr\u1ecdng th\u1ee9 t\u1ef1 \u0111\u1ebfn tr\u01b0\u1edbc, \u0111\u1ebfn sau; \u01afu ti\u00ean ph\u1ee5 n\u1eef mang thai, ng\u01b0\u1eddi khuy\u1ebft t\u1eadt, ng\u01b0\u1eddi gi\u00e0, y\u1ebfu; Kh\u00f4ng g\u00e2y \u00f4n \u00e0o, la h\u00e9t; Kh\u00f4ng \u0111\u1eb7t ch\u00e2n hay g\u00e1c ch\u00e2n tr\u00ean gh\u1ebf v\u00e0 kh\u00f4ng l\u00e0m nh\u1eefng h\u00e0nh \u0111\u1ed9ng thi\u1ebfu v\u0103n h\u00f3a kh\u00e1c \u1edf nh\u1eefng khu v\u1ef1c c\u00f4ng c\u1ed9ng; Qu\u1ea3n l\u00fd tr\u1ebb em t\u1ea1i khu v\u1ef1c c\u00f4ng c\u1ed9ng.<\/li>\n<li>Vui l\u00f2ng tr\u1ea3 l\u1ea1i ch\u00eca kho\u00e1 ph\u00f2ng cho nh\u00e2n vi\u00ean L\u1ec5 T\u00e2n khi l\u00e0m th\u1ee7 t\u1ee5c tr\u1ea3 ph\u00f2ng Kh\u00e1ch S\u1ea1n\/ Shoptel. Tr\u01b0\u1eddng h\u1ee3p m\u1ea5t th\u1ebb ph\u00f2ng, Qu\u00fd kh\u00e1ch s\u1ebd ph\u1ea3i b\u1ed3i th\u01b0\u1eddng s\u1ed1 ti\u1ec1n l\u00e0: 200,000VND\/th\u1ebb.<\/li>\n<li>Vui l\u00f2ng c\u1ea5t gi\u1eef nh\u1eefng v\u1eadt d\u1ee5ng c\u00f3 gi\u00e1 tr\u1ecb trong k\u00e9t an to\u00e0n t\u1ea1i ph\u00f2ng. Khu t\u1ed5 h\u1ee3p ngh\u1ec9 d\u01b0\u1ee1ng kh\u00f4ng c\u00f3 tr\u00e1ch nhi\u1ec7m ph\u00e1p l\u00ed \u0111\u1ed1i v\u1edbi nh\u1eefng m\u1ea5t m\u00e1t hay h\u01b0 h\u1ea1i v\u1ec1 t\u00e0i s\u1ea3n c\u00e1 nh\u00e2n c\u00f9a Kh\u00e1ch trong tr\u01b0\u1eddng h\u1ee3p Kh\u00e1ch kh\u00f4ng th\u1ef1c hi\u1ec7n theo quy \u0111\u1ecbnh.<\/li>\n<li>Khi ra kh\u1ecfi ph\u00f2ng Kh\u00e1ch c\u1ea7n \u0111\u1ea3m b\u1ea3o (i) t\u1ea5t c\u1ea3 c\u00e1c thi\u1ebft b\u1ecb \u0111i\u1ec7n \u0111\u00e3 \u0111\u01b0\u1ee3c tr\u1ea3 v\u1ec1 nguy\u00ean tr\u1ea1ng; (ii) c\u1eeda ph\u00f2ng \u0111\u00e3 \u0111\u01b0\u1ee3c kh\u00f3a an to\u00e0n; v\u00e0 (iii) kh\u00f4ng \u0111\u01b0a ch\u00eca kh\u00f3a ph\u00f2ng cho ng\u01b0\u1eddi kh\u00e1c.<\/li>\n<li>Tuy\u1ec7t \u0111\u1ed1i nghi\u00eam c\u1ea5m vi\u1ec7c n\u1ea5u \u0103n trong ph\u00f2ng. Y\u00eau c\u1ea7u s\u1eed d\u1ee5ng c\u00e1c thi\u1ebft b\u1ecb \u0111i\u1ec7n \u0111\u00fang m\u1ee5c \u0111\u00edch<\/li>\n<li>Kh\u00f4ng mang th\u1ee9c \u0103n v\u00e0 \u0111\u1ed3 u\u1ed1ng \u0111\u01b0\u1ee3c mua b\u00ean ngo\u00e0i v\u00e0o Kh\u00e1ch S\u1ea1n. N\u1ebfu mang v\u00e0o, Kh\u00e1ch vui l\u00f2ng thanh to\u00e1n ph\u00ed d\u1ecbch v\u1ee5 b\u1ed5 sung cho Kh\u00e1ch S\u1ea1n l\u00e0 1,000,000\u0111\/l\u1ea7n. \u0110\u1ed3ng th\u1eddi, Kh\u00e1ch s\u1ea1n s\u1ebd kh\u00f4ng ch\u1ecbu tr\u00e1ch nhi\u1ec7m v\u1ec1 v\u1ea5n \u0111\u1ec1 v\u1ec7 sinh an to\u00e0n th\u1ef1c ph\u1ea9m khi Kh\u00e1ch s\u1eed d\u1ee5ng \u0111\u1ed3 \u0103n mang t\u1eeb b\u00ean ngo\u00e0i v\u00e0o Kh\u00e1ch S\u1ea1n.<\/li>\n<li>Kh\u00f4ng mang c\u00e1c lo\u1ea1i tr\u00e1i c\u00e2y n\u1eb7ng m\u00f9i (s\u1ea7u ri\u00eang&#8230;) v\u00e0o trong ph\u00f2ng Kh\u00e1ch S\u1ea1n<\/li>\n<li>Kh\u00f4ng mang v\u00e0o ho\u1eb7c s\u1eed d\u1ee5ng c\u00e1c v\u1eadt d\u1ec5 ch\u00e1y n\u1ed5 (nh\u01b0 c\u00e1c lo\u1ea1i m\u00e1y h\u00e2m n\u00f3ng, thi\u1ebft b\u1ecb \u0111\u1ec3 n\u1ea5u n\u01b0\u1edbng, b\u00e0n \u1ee7i, thu\u1ed1c s\u00fang&#8230;) trong b\u1ea5t k\u1ef3 th\u1eddi \u0111i\u1ec3m n\u00e0o t\u1ea1i kh\u00e1ch s\u1ea1n.<\/li>\n<li>M\u1ed9t s\u1ed1 v\u1eadt d\u1ee5ng trong ph\u00f2ng Kh\u00e1ch s\u1ebd b\u1ecb t\u00ednh ph\u00ed n\u1ebfu l\u00e0m m\u1ea5t ho\u1eb7c \u0111\u1ed5 v\u1ee1. Vui l\u00f2ng tham kh\u1ea3o danh m\u1ee5c nh\u1eefng v\u1eadt d\u1ee5ng s\u1ebd t\u00ednh ph\u00ed\/b\u00e1n trong ph\u00f2ng.<\/li>\n<li>Tuy\u1ec7t \u0111\u1ed1i nghi\u00eam c\u1ea5m c\u00e1c ho\u1ea1t \u0111\u1ed9ng vi ph\u1ea1m ph\u00e1p lu\u1eadt trong Kh\u00e1ch s\u1ea1n nh\u01b0 \u0111\u00e1nh b\u1ea1c, m\u1ea1i d\u00e2m hay s\u1eed d\u1ee5ng ch\u1ea5t k\u00edch th\u00edch.<\/li>\n<li>Kh\u00e1ch ch\u1ec9 \u0111\u01b0\u1ee3c ph\u01a1i qu\u1ea7n \u00e1o t\u1ea1i khu v\u1ef1c ph\u00f2ng t\u1eafm trong ph\u00f2ng \u1edf. N\u1ebfu Kh\u00e1ch mu\u1ed1n ph\u01a1i qu\u1ea7n \u00e1o t\u1ea1i khu v\u1ef1c ban c\u00f4ng v\u00e0\/ho\u1eb7c c\u00e1c khu v\u1ef1c c\u00f4ng c\u1ed9ng kh\u00e1c, vui l\u00f2ng thanh to\u00e1n ph\u00ed d\u1ecbch v\u1ee5 b\u1ed5 sung t\u01b0\u01a1ng \u0111\u01b0\u01a1ng 70% chi ph\u00ed gi\u1eb7t l\u00e0 c\u1ee7a Kh\u00e1ch s\u1ea1n cho t\u1eebng m\u00f3n \u0111\u1ed3 ph\u01a1i kh\u00f4ng \u0111\u00fang quy \u0111\u1ecbnh.<\/li>\n<li>Trong tr\u01b0\u1eddng h\u1ee3p c\u00f3 kh\u00e1ch m\u1eddi \u0111\u1ebfn th\u0103m Kh\u00e1ch t\u1ea1i khu v\u1ef1c Kh\u00e1ch S\u1ea1n, Kh\u00e1ch vui l\u00f2ng th\u00f4ng b\u00e1o v\u1edbi L\u1ec5 T\u00e2n. V\u00ec l\u00fd do an ninh, kh\u00e1ch m\u1eddi kh\u00f4ng \u0111\u01b0\u1ee3c v\u00e0o ph\u00f2ng ngh\u1ec9 c\u1ee7a Kh\u00e1ch sau 22:00 gi\u1edd. N\u1ebfu Kh\u00e1ch mu\u1ed1n m\u1eddi kh\u00e1ch m\u1eddi \u1edd l\u1ea1i qua \u0111\u00eam, kh\u00e1ch m\u1eddi ph\u1ea3i \u0111\u0103ng k\u00ed v\u1edbi L\u1ec5 t\u00e2n Kh\u00e1ch S\u1ea1n v\u00e0 ph\u1ea3i tr\u1ea3 ph\u00ed l\u01b0u tr\u00fa theo quy \u0111\u1ecbnh c\u1ee7a Kh\u00e1ch S\u1ea1n.<\/li>\n<li>Kh\u00e1ch s\u1eeb d\u1ee5ng h\u1ed3 b\u01a1i sau 19:00 gi\u1edd ph\u1ea3i t\u1ef1 \u0111\u1ea3m b\u1ea3o v\u00e0 ch\u1ecbu tr\u00e1ch nhi\u1ec7m \u0111\u1ed1i v\u1edbi an to\u00e0n s\u1ee9c kh\u1ecfe, t\u00ednh m\u1ea1ng c\u1ee7a b\u1ea3n th\u00e2n m\u00e0 kh\u00f4ng c\u00f3 b\u1ea5t c\u1ee9 khi\u1ebfu n\u1ea1i n\u00e0o \u0111\u1ed1i v\u1edbi Kh\u00e1ch s\u1ea1n. Kh\u00e1ch s\u1ea1n s\u1ebd \u0111\u00f3ng c\u1eeda h\u1ed3 b\u01a1i l\u00fac 22:00 gi\u1edd \u0111\u1ec3 tr\u00e1nh c\u00e1c tai n\u1ea1n \u0111\u00e1ng ti\u1ebfc x\u1ea3y ra cho qu\u1ef7 kh\u00e1ch. Vui l\u00f2ng kh\u00f4ng s\u1eed d\u1ee5ng h\u1ed3 b\u01a1i sau 22:00 gi\u1edd.<\/li>\n<li>Kh\u00e1ch vui l\u00f2ng m\u1eb7c trang ph\u1ee5c th\u00edch h\u1ee3p khi \u1edf trong khu v\u1ef1c chung c\u1ee7a Kh\u00e1ch s\u1ea1n, \u0111\u1eb7c bi\u1ec7t \u1edf nh\u1eefng khu v\u1ef1c c\u00f4ng c\u1ed9ng nh\u01b0 ti\u1ec1n s\u1ea3nh, nh\u00e0 h\u00e0ng&#8230;.. \u0111\u1ec3 th\u1ec3 hi\u1ec7n s\u1ef1 t\u00f4n tr\u1ecdng \u0111\u1ed1i v\u1edbi c\u00e1c n\u1ec1n v\u0103n ho\u00e1 kh\u00e1c, Kh\u00e1ch tuy\u1ec7t \u0111\u1ed1i kh\u00f4ng \u1edf trong t\u00ecnh tr\u1ea1ng kho\u1ea3 th\u00e2n, k\u1ec3 c\u1ea3 tr\u1ebb em.<\/li>\n<li>Th\u1ef1c hi\u1ec7n c\u00e1c th\u1ee7 t\u1ee5c kh\u00e1c theo quy \u0111\u1ecbnh c\u1ee7a Kh\u00e1ch s\u1ea1n t\u1ea1i t\u1eebng th\u1eddi \u0111i\u1ec3m (n\u1ebfu c\u00f3).<\/li>\n<li>Ban qu\u1ea3n l\u00fd khu t\u1ed5 h\u1ee3p ngh\u1ec9 d\u01b0\u1ee1ng c\u00f3 th\u1ec3 y\u00eau c\u1ea7u Kh\u00e1ch ph\u1ea3i r\u1eddi khu t\u1ed5 h\u1ee3p ngh\u1ec9 d\u01b0\u1ee1ng m\u00e0 kh\u00f4ng ho\u00e0n tr\u1ea3 b\u1ea5t c\u1ee9 chi ph\u00ed n\u00e0o \u0111\u1ed1i v\u1edbi nh\u1eefng Qu\u00fd Kh\u00e1ch c\u1ed1 t\u00ecnh b\u1ecf qua v\u00e0 vi ph\u1ea1m nh\u0169ng quy \u0111\u1ecbnh v\u00e0 n\u1ed9i quy c\u1ee7a khu t\u1ed5 h\u1ee3p ngh\u1ec9 d\u01b0\u1ee1ng.<\/li>\n<\/ol>\n<p>\n<span style=\"font-size: 16px;\"><strong>C. QUY \u0110\u1ecaNH CHUNG KHU V\u1ef0C KHO\u00c1NG N\u00d3NG OHAYO<\/strong><\/span><\/p>\n<ol>\n<li>H\u00e0nh x\u1eed l\u1ecbch thi\u1ec7p, t\u00f4n tr\u1ecdng nh\u00e2n vi\u00ean v\u00e0 c\u00e1c Kh\u00e1ch h\u00e0ng kh\u00e1c<\/li>\n<li>X\u1ebfp h\u00e0ng, nh\u01b0\u1eddng nh\u1ecbn khi check-in, check out v\u00e0 s\u1eed d\u1ee5ng c\u00e1c d\u1ecbch v\u1ee5<\/li>\n<li>Kh\u00f4ng l\u00e0m \u1ed3n g\u00e2y \u1ea3nh h\u01b0\u1edfng xung quanh trong qu\u00e1 tr\u00ecnh s\u1eed d\u1ee5ng d\u1ecbch v\u1ee5<\/li>\n<li>Kh\u00f4ng s\u1eed d\u1ee5ng \u0111i\u1ec7n tho\u1ea1i trong khi t\u1eafm onsen v\u00e0 sauna<\/li>\n<li>Gi\u1eef g\u00ecn v\u1ec7 sinh chung trong khu\u00f4n vi\u00ean Ohayo<\/li>\n<li>Kh\u00f4ng s\u1eed d\u1ee5ng \u0111\u1ed3 u\u1ed1ng c\u00f3 c\u1ed3n, ch\u1ea5t k\u00edch th\u00edch tr\u01b0\u1edbc v\u00e0 trong khi t\u1eafm onsen, sauna<\/li>\n<li>C\u00f3 tr\u00e1ch nhi\u1ec7m qu\u1ea3n l\u00fd tr\u1ebb em \u0111i c\u00f9ng, kh\u00f4ng \u0111\u1ec3 tr\u1ebb t\u1ef1 \u00fd check out<\/li>\n<li>Ohayo t\u1eeb ch\u1ed1i ph\u1ee5c v\u1ee5 Kh\u00e1ch h\u00e0ng m\u1eafc c\u00e1c b\u1ec7nh truy\u1ec1n nhi\u1ec5m, b\u1ec7nh ngo\u00e0i da, \u0111\u1ed9ng kinh, tim m\u1ea1ch, huy\u1ebft \u00e1p, c\u00f3 bi\u1ec3u hi\u1ec7n b\u1ea5t th\u01b0\u1eddng, nh\u1eefng ng\u01b0\u1eddi v\u1eeba s\u1eed d\u1ee5ng r\u01b0\u1ee3u bia ch\u1ea5t k\u00edch th\u00edch, ng\u01b0\u1eddi kh\u00f4ng c\u00f3 kh\u1ea3 n\u0103ng v\u1eadn \u0111\u1ed9ng, \u0111i l\u1ea1i\u2026<\/li>\n<li>Xe l\u0103n cho ng\u01b0\u1eddi khuy\u1ebft t\u1eadt s\u1eed d\u1ee5ng \u0111\u1ebfn khu v\u1ef1c Event Plaza, kh\u00f4ng v\u00e0o c\u00e1c khu v\u1ef1c d\u1ecbch v\u1ee5 t\u1eafm kho\u00e1ng, sauna\u2026<\/li>\n<li>Kh\u00f4ng mang v\u1eadt nu\u00f4i v\u00e0o khu\u00f4n vi\u00ean Ohayo<\/li>\n<li>Kh\u00f4ng mang th\u1ee9c \u0103n, \u0111\u1ed3 u\u1ed1ng v\u00e0o Ohayo onsen &amp; spa, khu ngh\u1ec9 s\u1ebd \u00e1p d\u1ee5ng kho\u1ea3n ph\u00ed ph\u1ea1t 2,000,000\u0111 trong tr\u01b0\u1eddng h\u1ee3p vi ph\u1ea1m<\/li>\n<li>Kh\u00f4ng quay phim, ch\u1ee5p h\u00ecnh trong khu t\u1eafm Nh\u1eadt (Japanese Onsen), khu ngh\u1ec9 s\u1ebd \u00e1p d\u1ee5ng kho\u1ea3n ph\u00ed ph\u1ea1t 2,000,000\u0111 trong tr\u01b0\u1eddng h\u1ee3p vi ph\u1ea1m<\/li>\n<li>\u00a0C\u00f4ng vi\u00ean kho\u00e1ng n\u00f3ng Ohayo \u00e1p d\u1ee5ng quy \u0111\u1ecbnh m\u1eb7c \u0111\u1ed3 b\u01a1i chu\u1ea9n (\u0111\u1ed3 b\u01a1i li\u1ec1n th\u00e2n, \u0111\u1ed3 b\u01a1i 02 m\u1ea3nh, qu\u1ea7n b\u01a1i, \u00e1o ch\u1ed1ng n\u1eafng, \u0111\u1ed3 b\u01a1i to\u00e0n th\u00e2n\u2026 ch\u1ea5t li\u1ec7u thun, Lycra, microfiber, sheer,..) khi t\u1eafm t\u1ea1i c\u00e1c khu v\u1ef1c Onsen (tr\u1eeb khu t\u1eafm Nh\u1eadt).<\/li>\n<\/ol>\n","protected":false},"excerpt":{"rendered":"<p>A. GI\u1edaI THI\u1ec6U Nh\u1eefng quy \u0111\u1ecbnh sau \u0111\u00e2y \u0111\u00e3 \u0111\u01b0\u1ee3c \u0111\u01b0a ra b\u1edfi Lynntimes nh\u1eb1m \u0111\u1ea3m b\u1ea3o an to\u00e0n, \u1ed5n \u0111\u1ecbnh v\u00e0 b\u1ea3o v\u1ec1 c\u00e1c l\u1ee3i \u00edch c\u1ee7a Kh\u00e1ch h\u00e0ng (\u201cKh\u00e1ch\u201d). C\u00e1c quy \u0111\u1ecbnh n\u00e0y s\u1ebd \u0111\u01b0\u1ee3c th\u1ef1c hi\u1ec7n nghi\u00eam t\u00fac b\u1edfi to\u00e0n b\u1ed9 Ban qu\u1ea3n l\u00fd v\u00e0 nh\u00e2n vi\u00ean khu t\u1ed5 h\u1ee3p ngh\u1ec9 d\u01b0\u1ee1ng [&hellip;]<\/p>\n","protected":false},"author":1,"featured_media":9623,"parent":0,"menu_order":0,"comment_status":"closed","ping_status":"closed","template":"","meta":{"footnotes":""},"class_list":["post-299","page","type-page","status-publish","has-post-thumbnail","hentry"],"acf":[],"yoast_head":"<!-- This site is optimized with the Yoast SEO Premium plugin v26.3 (Yoast SEO v26.3) - https:\/\/yoast.com\/wordpress\/plugins\/seo\/ -->\n<title>Quy \u0111\u1ecbnh chung - Lynn Times<\/title>\n<meta name=\"robots\" content=\"index, follow, max-snippet:-1, max-image-preview:large, max-video-preview:-1\" \/>\n<link rel=\"canonical\" href=\"https:\/\/lynntimes.com\/lynntimesthanhthuy\/quy-dinh-chung\/\" \/>\n<meta property=\"og:locale\" content=\"vi_VN\" \/>\n<meta property=\"og:type\" content=\"article\" \/>\n<meta property=\"og:title\" content=\"Quy \u0111\u1ecbnh chung - Lynn Times\" \/>\n<meta property=\"og:description\" content=\"A. GI\u1edaI THI\u1ec6U Nh\u1eefng quy \u0111\u1ecbnh sau \u0111\u00e2y \u0111\u00e3 \u0111\u01b0\u1ee3c \u0111\u01b0a ra b\u1edfi Lynntimes nh\u1eb1m \u0111\u1ea3m b\u1ea3o an to\u00e0n, \u1ed5n \u0111\u1ecbnh v\u00e0 b\u1ea3o v\u1ec1 c\u00e1c l\u1ee3i \u00edch c\u1ee7a Kh\u00e1ch h\u00e0ng (\u201cKh\u00e1ch\u201d). C\u00e1c quy \u0111\u1ecbnh n\u00e0y s\u1ebd \u0111\u01b0\u1ee3c th\u1ef1c hi\u1ec7n nghi\u00eam t\u00fac b\u1edfi to\u00e0n b\u1ed9 Ban qu\u1ea3n l\u00fd v\u00e0 nh\u00e2n vi\u00ean khu t\u1ed5 h\u1ee3p ngh\u1ec9 d\u01b0\u1ee1ng [&hellip;]\" \/>\n<meta property=\"og:url\" content=\"https:\/\/lynntimes.com\/lynntimesthanhthuy\/quy-dinh-chung\/\" \/>\n<meta property=\"og:site_name\" content=\"Lynn Times\" \/>\n<meta property=\"article:publisher\" content=\"https:\/\/www.facebook.com\/wyndhamlynntimesthanhthuy.resort\" \/>\n<meta property=\"article:modified_time\" content=\"2026-04-16T08:37:37+00:00\" \/>\n<meta property=\"og:image\" content=\"https:\/\/lynntimes.com\/lynntimesthanhthuy\/wp-content\/uploads\/2025\/05\/ltdo11.png\" \/>\n\t<meta property=\"og:image:width\" content=\"1182\" \/>\n\t<meta property=\"og:image:height\" content=\"1182\" \/>\n\t<meta property=\"og:image:type\" content=\"image\/png\" \/>\n<meta name=\"twitter:card\" content=\"summary_large_image\" \/>\n<meta name=\"twitter:site\" content=\"@lynntimescom\" \/>\n<meta name=\"twitter:label1\" content=\"Est. reading time\" \/>\n\t<meta name=\"twitter:data1\" content=\"8 minutes\" \/>\n<script type=\"application\/ld+json\" class=\"yoast-schema-graph\">{\"@context\":\"https:\/\/schema.org\",\"@graph\":[{\"@type\":\"WebPage\",\"@id\":\"https:\/\/lynntimes.com\/lynntimesthanhthuy\/quy-dinh-chung\/\",\"url\":\"https:\/\/lynntimes.com\/lynntimesthanhthuy\/quy-dinh-chung\/\",\"name\":\"Quy \u0111\u1ecbnh chung - Lynn Times\",\"isPartOf\":{\"@id\":\"https:\/\/lynntimes.com\/lynntimesthanhthuy\/#website\"},\"primaryImageOfPage\":{\"@id\":\"https:\/\/lynntimes.com\/lynntimesthanhthuy\/quy-dinh-chung\/#primaryimage\"},\"image\":{\"@id\":\"https:\/\/lynntimes.com\/lynntimesthanhthuy\/quy-dinh-chung\/#primaryimage\"},\"thumbnailUrl\":\"https:\/\/lynntimes.com\/lynntimesthanhthuy\/wp-content\/uploads\/2025\/05\/ltdo11.png\",\"datePublished\":\"2022-11-19T01:48:26+00:00\",\"dateModified\":\"2026-04-16T08:37:37+00:00\",\"inLanguage\":\"vi-VN\",\"potentialAction\":[{\"@type\":\"ReadAction\",\"target\":[\"https:\/\/lynntimes.com\/lynntimesthanhthuy\/quy-dinh-chung\/\"]}]},{\"@type\":\"ImageObject\",\"inLanguage\":\"vi-VN\",\"@id\":\"https:\/\/lynntimes.com\/lynntimesthanhthuy\/quy-dinh-chung\/#primaryimage\",\"url\":\"https:\/\/lynntimes.com\/lynntimesthanhthuy\/wp-content\/uploads\/2025\/05\/ltdo11.png\",\"contentUrl\":\"https:\/\/lynntimes.com\/lynntimesthanhthuy\/wp-content\/uploads\/2025\/05\/ltdo11.png\",\"width\":1182,\"height\":1182},{\"@type\":\"WebSite\",\"@id\":\"https:\/\/lynntimes.com\/lynntimesthanhthuy\/#website\",\"url\":\"https:\/\/lynntimes.com\/lynntimesthanhthuy\/\",\"name\":\"Lynn Times Thanh Th\u1ee7y\",\"description\":\"Lynn Times Thanh Thuy\",\"potentialAction\":[{\"@type\":\"SearchAction\",\"target\":{\"@type\":\"EntryPoint\",\"urlTemplate\":\"https:\/\/lynntimes.com\/lynntimesthanhthuy\/?s={search_term_string}\"},\"query-input\":{\"@type\":\"PropertyValueSpecification\",\"valueRequired\":true,\"valueName\":\"search_term_string\"}}],\"inLanguage\":\"vi-VN\"}]}<\/script>\n<!-- \/ Yoast SEO Premium plugin. -->","yoast_head_json":{"title":"Quy \u0111\u1ecbnh chung - Lynn Times","robots":{"index":"index","follow":"follow","max-snippet":"max-snippet:-1","max-image-preview":"max-image-preview:large","max-video-preview":"max-video-preview:-1"},"canonical":"https:\/\/lynntimes.com\/lynntimesthanhthuy\/quy-dinh-chung\/","og_locale":"vi_VN","og_type":"article","og_title":"Quy \u0111\u1ecbnh chung - Lynn Times","og_description":"A. GI\u1edaI THI\u1ec6U Nh\u1eefng quy \u0111\u1ecbnh sau \u0111\u00e2y \u0111\u00e3 \u0111\u01b0\u1ee3c \u0111\u01b0a ra b\u1edfi Lynntimes nh\u1eb1m \u0111\u1ea3m b\u1ea3o an to\u00e0n, \u1ed5n \u0111\u1ecbnh v\u00e0 b\u1ea3o v\u1ec1 c\u00e1c l\u1ee3i \u00edch c\u1ee7a Kh\u00e1ch h\u00e0ng (\u201cKh\u00e1ch\u201d). C\u00e1c quy \u0111\u1ecbnh n\u00e0y s\u1ebd \u0111\u01b0\u1ee3c th\u1ef1c hi\u1ec7n nghi\u00eam t\u00fac b\u1edfi to\u00e0n b\u1ed9 Ban qu\u1ea3n l\u00fd v\u00e0 nh\u00e2n vi\u00ean khu t\u1ed5 h\u1ee3p ngh\u1ec9 d\u01b0\u1ee1ng [&hellip;]","og_url":"https:\/\/lynntimes.com\/lynntimesthanhthuy\/quy-dinh-chung\/","og_site_name":"Lynn Times","article_publisher":"https:\/\/www.facebook.com\/wyndhamlynntimesthanhthuy.resort","article_modified_time":"2026-04-16T08:37:37+00:00","og_image":[{"width":1182,"height":1182,"url":"https:\/\/lynntimes.com\/lynntimesthanhthuy\/wp-content\/uploads\/2025\/05\/ltdo11.png","type":"image\/png"}],"twitter_card":"summary_large_image","twitter_site":"@lynntimescom","twitter_misc":{"Est. reading time":"8 minutes"},"schema":{"@context":"https:\/\/schema.org","@graph":[{"@type":"WebPage","@id":"https:\/\/lynntimes.com\/lynntimesthanhthuy\/quy-dinh-chung\/","url":"https:\/\/lynntimes.com\/lynntimesthanhthuy\/quy-dinh-chung\/","name":"Quy \u0111\u1ecbnh chung - Lynn Times","isPartOf":{"@id":"https:\/\/lynntimes.com\/lynntimesthanhthuy\/#website"},"primaryImageOfPage":{"@id":"https:\/\/lynntimes.com\/lynntimesthanhthuy\/quy-dinh-chung\/#primaryimage"},"image":{"@id":"https:\/\/lynntimes.com\/lynntimesthanhthuy\/quy-dinh-chung\/#primaryimage"},"thumbnailUrl":"https:\/\/lynntimes.com\/lynntimesthanhthuy\/wp-content\/uploads\/2025\/05\/ltdo11.png","datePublished":"2022-11-19T01:48:26+00:00","dateModified":"2026-04-16T08:37:37+00:00","inLanguage":"vi-VN","potentialAction":[{"@type":"ReadAction","target":["https:\/\/lynntimes.com\/lynntimesthanhthuy\/quy-dinh-chung\/"]}]},{"@type":"ImageObject","inLanguage":"vi-VN","@id":"https:\/\/lynntimes.com\/lynntimesthanhthuy\/quy-dinh-chung\/#primaryimage","url":"https:\/\/lynntimes.com\/lynntimesthanhthuy\/wp-content\/uploads\/2025\/05\/ltdo11.png","contentUrl":"https:\/\/lynntimes.com\/lynntimesthanhthuy\/wp-content\/uploads\/2025\/05\/ltdo11.png","width":1182,"height":1182},{"@type":"WebSite","@id":"https:\/\/lynntimes.com\/lynntimesthanhthuy\/#website","url":"https:\/\/lynntimes.com\/lynntimesthanhthuy\/","name":"Lynn Times Thanh Th\u1ee7y","description":"Lynn Times Thanh Thuy","potentialAction":[{"@type":"SearchAction","target":{"@type":"EntryPoint","urlTemplate":"https:\/\/lynntimes.com\/lynntimesthanhthuy\/?s={search_term_string}"},"query-input":{"@type":"PropertyValueSpecification","valueRequired":true,"valueName":"search_term_string"}}],"inLanguage":"vi-VN"}]}},"_links":{"self":[{"href":"https:\/\/lynntimes.com\/lynntimesthanhthuy\/wp-json\/wp\/v2\/pages\/299","targetHints":{"allow":["GET"]}}],"collection":[{"href":"https:\/\/lynntimes.com\/lynntimesthanhthuy\/wp-json\/wp\/v2\/pages"}],"about":[{"href":"https:\/\/lynntimes.com\/lynntimesthanhthuy\/wp-json\/wp\/v2\/types\/page"}],"author":[{"embeddable":true,"href":"https:\/\/lynntimes.com\/lynntimesthanhthuy\/wp-json\/wp\/v2\/users\/1"}],"replies":[{"embeddable":true,"href":"https:\/\/lynntimes.com\/lynntimesthanhthuy\/wp-json\/wp\/v2\/comments?post=299"}],"version-history":[{"count":9,"href":"https:\/\/lynntimes.com\/lynntimesthanhthuy\/wp-json\/wp\/v2\/pages\/299\/revisions"}],"predecessor-version":[{"id":11771,"href":"https:\/\/lynntimes.com\/lynntimesthanhthuy\/wp-json\/wp\/v2\/pages\/299\/revisions\/11771"}],"wp:featuredmedia":[{"embeddable":true,"href":"https:\/\/lynntimes.com\/lynntimesthanhthuy\/wp-json\/wp\/v2\/media\/9623"}],"wp:attachment":[{"href":"https:\/\/lynntimes.com\/lynntimesthanhthuy\/wp-json\/wp\/v2\/media?parent=299"}],"curies":[{"name":"wp","href":"https:\/\/api.w.org\/{rel}","templated":true}]}}